{"id":11,"date":"2020-02-14T22:01:13","date_gmt":"2020-02-14T22:01:13","guid":{"rendered":"https:\/\/cafnrfaculty.missouri.edu\/cvaldivia\/?page_id=11"},"modified":"2020-04-03T19:50:42","modified_gmt":"2020-04-03T19:50:42","slug":"publications","status":"publish","type":"page","link":"https:\/\/cafnrfaculty.missouri.edu\/cvaldivia\/home\/publications\/","title":{"rendered":"Publications"},"content":{"rendered":"<p><a id=\"top\" href=\"#pdfs\">PDFs of Selected Books<\/a><br \/>\n<a id=\"top\" href=\"#peerreviewedarticles\">Peer-Reviewed Articles<\/a><br \/>\n<a id=\"top\" href=\"#invitedjournalarticles\">Invited Journal Articles<\/a><br \/>\n<a id=\"top\" href=\"#booksandeditingroles\">Books and Editing Roles<\/a><br \/>\n<a id=\"top\" href=\"#chaptersinbooks\">Chapters in Books<\/a><br \/>\n<a id=\"top\" href=\"#invitedpublicationsbyinternationalorganizations\">Invited Publications by International Organizations<\/a><\/p>\n<p><b id=\"pdfs\">PDFs of Selected Books<\/b><\/p>\n<ul>\n<li><a href=\"https:\/\/cafnrfaculty.missouri.edu\/wp-content\/uploads\/sites\/27\/2020\/02\/wb-edp-115-transitioning-to-climate-resilient-development-peru.pdf\" target=\"_blank\" rel=\"noopener noreferrer\">Transitioning to Climate Resilient Development-Perspectives from Communities in Peru<\/a><\/li>\n<li><a href=\"https:\/\/cafnrfaculty.missouri.edu\/wp-content\/uploads\/sites\/27\/2020\/02\/agropastoralismandesbook.pdf\" target=\"_blank\" rel=\"noopener noreferrer\">Sustaining Agropastoralism on the Bolivian Altiplano: The Case of San Jose Llanga<\/a><\/li>\n<li><a href=\"https:\/\/cafnrfaculty.missouri.edu\/wp-content\/uploads\/sites\/27\/2020\/02\/cambio_climatico.pdf\" target=\"_blank\" rel=\"noopener noreferrer\">Cambio Clim\u00e1tico y Adaptaci\u00f3n en el Altiplano de Bolivia (Climate Change and Adaptation in the Bolivian Altiplano)<\/a><\/li>\n<li><a href=\"https:\/\/cafnrfaculty.missouri.edu\/wp-content\/uploads\/sites\/27\/2020\/02\/cag-2004-valdivia-26-1-2.pdf\" target=\"_blank\" rel=\"noopener noreferrer\">Livelihoods &amp; Portfolios<\/a><\/li>\n<\/ul>\n<p><a href=\"#top\">Back to Top<\/a><\/p>\n<p><b id=\"peerreviewedarticles\">Peer-Reviewed Articles<\/b><\/p>\n<ul>\n<li>Valdivia, C. and C. Barbieri. 2014. Experiential Agritourism: A Sustainable Strategy for Adapting to Climate Change in the Andean Altiplano. <em>Tourism Management Perspectives<\/em>. 11: 18-25.<\/li>\n<li>Aguilera, J., P. P. Motavalli, M. A. Gonzales, and C. Valdivia. 2014. Evaluation of rapid field test method for assessing nitrogen status in potato plant tissue in rural communities in the Bolivian Andean highlands. <em>Communications in Soil Science and Plant Analysis<\/em>. DOI:10.1080\/00103624.2013.857680<\/li>\n<li>Valdivia, C., J. Gilles, and C. Turin. 2013. Andean Pastoral Women in a Changing World: Challenges and Opportunities. <em>Rangelands. <\/em>35(6): 75-81.<\/li>\n<li>Gao, J., C. Barbieri, and C. Valdivia. 2013. Agricultural landscape preferences: Implications for agritourism development. <em>Journal of Travel Research<\/em>. DOI: 10.1177\/0047287513496471<\/li>\n<li>Gomez- Montano, L., A. Jumpponen, M. A. Gonzales, J. Cusicanqui, C. Valdivia, P. Motavalli, M. Herman, K. Garrett. 2013. Do bacterial and fungal communities in soils of the Bolivian Altiplano change under shorter fallow periods? <em>Soil Biology and Biochemistry.<\/em>65: 50-59.<\/li>\n<li>Aguilera, J., P. P. Motavalli, M. A. Gonzales, and C. Valdivia.2013. Response of a Potato-Based Cropping System to Conventional and Alternative Fertilizers in the Andean Highlands. Accepted. <em>International Journal of Plant &amp; Soil Science<\/em>. 3(20):139-162.<\/li>\n<li>Aguilera, J., P. P. Motavalli, C. Valdivia and M. A. Gonzales. 2013. Impacts of Cultivation and Fallow Length on Soil Carbon and Nitrogen Availability in the Bolivian Andean Highland Region. <em>Mountain Research and Development<\/em>. 33(4): 391-403.<\/li>\n<li>Gilles, J., J. Thomas, C. Valdivia, and E. YucraSea. 2013. Where are the Laggards? Conservers of traditional knowledge in Bolivia. <em>Rural Sociology<\/em>. 78(1): 51-74.<\/li>\n<li>Valdivia, C., J. Thibeault, J.L. Gilles, M. Garc\u00eda, and A. Seth. 2013. Climate Trends and Projections for the Andean Altiplano and Strategies for Adaptation. <em>Advances in Science and Research.<\/em> ( 33): 69-77. <a href=\"http:\/\/www.adv-geosci.net\/33\/index.html\" target=\"_blank\" rel=\"noopener noreferrer\">http:\/\/www.adv-geosci.net\/33\/index.html<\/a><\/li>\n<li>Garrett, K.A., A. Dobson, J. Kroschel, B. Natarajan, S. Orlandini, S. Randolph, H. E. Z. Tonnang, and C. Valdivia. 2013. The effects of climate variability and the color of weather tie series on agricultural diseases and pests, and on decisions for their management. <em>Agricultural and Forest Meteorology.<\/em> 170: 216\u2013227 On-line: <a href=\"https:\/\/doi.org\/10.1016\/j.agrformet.2012.04.018\" target=\"_blank\" rel=\"noopener noreferrer\">http:\/\/dx.doi.org\/10.1016\/j.agrformet.2021.04.018<\/a>.<\/li>\n<li>Aguilera, J., P. P. Motavalli, M. A. Gonzales, and C. Valdivia. 2012. Initial and Residual Effects of Organic and Inorganic Amendments on Soil Properties in a Potato-Based Cropping System in the Bolivian Andean Highlands. American Journal of Experimental Agriculture 2(4):641-666.<\/li>\n<li>Holderieath, J., C. Valdivia, L. Godsey, and C. Barbieri. 2012. The potential for carbon offset trading to provide added incentive to adopt silvopasture and alley cropping in Missouri. Agroforestry Systems. 86: 345-353. On-line first. DOI 10.1007\/s10457-012-9543-3<\/li>\n<li>Valdivia, C., C. Barbieri, and M. Gold. 2012. Between Forestry and Farming: Policy and Environmental Implications of the Barriers to Agroforestry Adoption. <em>Canadian Journal of Agricultural Economics<\/em>. 60: 155\u2013175.<\/li>\n<li>Valdivia, C., S. Jeanetta, L. Y. Flores, A. Morales and D. Mart\u00ednez. 2012. Latino\/a Wealth and Livelihood Strategies in Rural Midwestern Communities. <em>Choices <\/em>1<sup>st<\/sup> Quarter, 27(1). www.choicesmagazine.org\/choice-magazine\/theme-articles\/rural-wealth-creation\/<\/li>\n<li>Valdivia, C., and L. Y. Flores. 2012. Factors Affecting the Job Satisfaction of Latino\/a Immigrants in the Midwest. <em>Journal of Career Development. <\/em>39(1 February):31-49DOI: 10.1177\/0894845310386478.<\/li>\n<li>Garrett, K. A., G. A. Forbes, S. Savary, P. Skelsey, A. H. Sparks, C. Valdivia, A. H. C. van Bruggen, L. Willocquet, A. Djurle, E. Duveiller, H. Eckersten, S. Pande, C. Vera Cruz, and J. Yuen. 2011. Complexity in Climate Change Impacts: An Analytical Framework for\u00a0Effects Mediated by Plant Disease. <em>Plant Pathology. 60: 15-30.<\/em><\/li>\n<li>Barbieri, C., and C. Valdivia. 2010. Recreation and Agroforestry: Examining New Dimensions of Multifunctionality in Family Farms. <em>Journal of Rural Studies<\/em>. 26(4): 465-473.<\/li>\n<li>Valdivia, C., A. Seth, J. L. Gilles, M. Garc\u00eda, E. Jim\u00e9nez, J. Cusicanqui, F. Navia, and E. Yucra. 2010. Adapting to Climate Change in Andean Ecosystems: Landscapes, Capitals, and Perceptions Shaping Rural Livelihood Strategies and Linking Knowledge Systems. \u00a0<em>Annals of the Association of American Geographers<\/em>. 100 (4): 818-834.<\/li>\n<li>Seth, A., J. Thibeault, M. Garc\u00eda, and C. Valdivia. 2010. Making Sense of 21<sup>st<\/sup> Century Climate Change in the Altiplano: Observed Trends and CMIP3 Projections. <em> Annals of the Association of American Geographers<\/em>. 100 (4): 835-865.<\/li>\n<li>Barbieri, C., and C. Valdivia. 2010. Recreational Multifunctionals and Its Implications for Agroforestry Diffusion. <em>Agroforestry Systems<\/em>. 79: 5\u201318<\/li>\n<li>Valdivia, C., and A. Dannerbeck. 2009. Moving Around to Get By and Try to Get Ahead: Immigration experiences in new settlement communities of the Midwest. <em>Professional Development: The International Journal of Continuing Social Work Education<\/em> 12 (3): 29-41.<\/li>\n<li>Gilles, J.L., and C. Valdivia. 2009. Local Forecast Communication in the Altiplano. <em>Bulletin of the American Meteorological Society<\/em>. 90 (1): 85-91.<\/li>\n<li>Valdivia, C., and C. Poulos. 2009. Factors Affecting Farm Operators\u2019 Interest in Incorporating Riparian Buffers and Forest Farming Practices in Northeast and Southeast Missouri. <em>Agroforestry Systems. <\/em>75 (1): 61-71.<\/li>\n<li>Arbuckle, J. G. Jr., C. Valdivia, A. Raedeke, J. Green, and J. S. Rikoon. 2009. Non-Operator Landowner Interest in Agroforestry Practices in Two Missouri Watersheds. <em>Agroforestry Systems<\/em>.75 (1): 73-82.<\/li>\n<li>Dozi, P., and C. Valdivia. 2008. Vulnerabilities and Economics Wellbeing of Hispanics in Non-Metro Missouri. <em>Latino(a) Research Review<\/em>. 6 (3): 65-92.<\/li>\n<li>Valdivia, C. 2004. Andean Livelihoods and the Livestock Portfolio. <em>Culture and Agriculture. <\/em>26 (1&amp;2): 19-29.<\/li>\n<li>Raedeke, A., J. J. Green, S. S. Hodge, and C. Valdivia. 2003. Farmers, the Practice of Farming and the Future of Agroforestry: An Application of Bourdieu\u2019s Concepts of Field and Habitus. <em>Rural Sociology<\/em>. 68 (1): 64-86.<\/li>\n<li>Valdivia, C. 2001. Gender, Livestock Assets, Resource Management, and Food Security: Lessons from the SR-CRSP.<em>Agriculture and Human Values<\/em>. 18 (1): 27-39.<\/li>\n<li>Valdivia, C. 1999. Returns to Investments in Small Ruminant Research in Indonesia. The Small Ruminant Collaborative Research Support Program (SR-CRSP) in West Java. <em>Agricultural Economics.<\/em>21(1999): 41-51.<\/li>\n<\/ul>\n<p><a href=\"#top\">Back to Top<\/a><\/p>\n<p><b id=\"invitedjournalarticles\">Invited Journal Articles<\/b><\/p>\n<ul>\n<li>Valdivia, C., P. Dozi, S. Jeanetta, L. Y. Flores, D. Martinez, and A. Dannerbeck. 2008. Networks and Context of Reception in Asset Accumulation Strategies of Latino Newcomers in Rural Settlement Communities of the Midwest: A New Framework for Understanding Immigration. <em>American Journal of Agricultural Economics.<\/em> 90 (5): 1319-1325.<\/li>\n<li>Valdivia C., E. Jim\u00e9nez, and A. Romero. 2007. El Impacto de los Cambios Clim\u00e1ticos y de Mercado en Comunidades Campesinas del Altiplano de La Paz. (The Impact of Climate and Market Changes in Peasant Communities of the Altiplano of La Paz). <em>Umbrales<\/em> (La Paz, Bolivia). 16 (December): 233-262.<\/li>\n<li>Valdivia, C., and J. L. Gilles. 2001. Gender and Resource Management: Households and Groups, Strategies and Transitions. <em>Agriculture and Human Values<\/em>. 18 (1): 5-9.<\/li>\n<li>Valdivia, C., E. Dunn, and C. Jett\u00e9. 1996. Diversification as a Risk Management Strategy in an Andean Agropastoral Community. <em>American Journal of Agricultural Economics<\/em>. 78(5) (December): 1329-1334.<\/li>\n<\/ul>\n<p><a href=\"#top\">Back to Top<\/a><\/p>\n<p><b id=\"booksandeditingroles\">Books and Editing Roles<\/b><\/p>\n<ul>\n<li>Jeanetta, S., and C. Valdivia (eds). 2013. Latinos in the Heartland. At the Crossroads: Incorporation or Marginalization? Proceedings of the 11th Annual Conference of Cambio de Colores (Change of Colors). June 13-15, 2012. Columbia, MO. 141 pp.<\/li>\n<li>Jeanetta, S., and C. Valdivia (eds). 2012. <em>Latinos in the Heartland. Migration and Shifting Human Landscapes. Proceedings of the 10<sup>th<\/sup> Annual Conference of Cambio de Colores<\/em> (Change of Colors). June 8-10, Kansas City, MO. 118 pp.<\/li>\n<li>Jeanetta, S., and C. Valdivia (eds). 2011<em>. Cambio de Colores Latinos in the Heartland. Proceedings of the Ninth Annual Conference<\/em>. May 24-26 2010. University of Missouri Extension and Cambio Center, University of Missouri (MU). Columbia, MO. 95 pp.<\/li>\n<li>Jeanetta, S., and C. Valdivia (eds). 2010<em>. Cambio de Colores Latinos in the Heartland. Proceedings of the 2009 Annual Conference<\/em>. University of Missouri Extension and Cambio Center, University of Missouri (MU). Columbia, MO. 80 pp.<\/li>\n<li>Jeanetta, S., and C. Valdivia (eds). 2009. <em>Cambio de Colores Latinos in Missouri: Latinos in Missouri. Conference Abstract<\/em><em>s 2006-2008<\/em>. University of Missouri Extension and Cambio Center. Columbia, MO. 72 pp.<\/li>\n<li>Jeanetta, S., and C. Valdivia (eds). 2008<em>. Latinos in Missouri. Connecting Research to Policy and Practice, Hoy y Ma\u00f1ana. Proceedings of the 2005 Annual Conference Cambio de Colores 2005. <\/em> University of Missouri Extension and Cambio Center. Columbia, MO. 88 pp.<\/li>\n<li>Jeanetta, S., and C. Valdivia (eds). 2007. <em>Cambio de Colores Latinos in Missouri: Gateway to a New Community Proceedings of the 2004 Annual Conference.<\/em> Published by University of Missouri Extension and Cambio Center, MU. Columbia, MO. 132 pp.<\/li>\n<li>Coppock, D. L., and C. Valdivia (eds). 2001. <a href=\"https:\/\/cafnrfaculty.missouri.edu\/wp-content\/uploads\/sites\/27\/2020\/02\/agropastoralismandesbook.pdf\" target=\"_blank\" rel=\"noopener noreferrer\">Sustaining Agropastoralism on the Bolivian Altiplano: The Case of San Jose Llanga.<\/a>\u00a0Rangeland Resources Department, Utah State University, Logan, UT. 266 pp. http:\/\/digitalcommons.usu.edu\/usufaculty_monographs\/52\/<\/li>\n<li>Valdivia, C., and J. L. Gilles (guest eds). 2001. Special Issue: Gender and Resource Management: Households and Groups, Strategies and Transitions.<em> Agriculture and Human Values<\/em> Volume 18, No 1, Spring. 132 pp.<\/li>\n<li>Valdivia, C. (ed). 1992. <em>Sustainable Crop-Livestock Systems for the Bolivian Highlands.\u00a0<\/em>Proceedings from a Small Ruminant Collaborative Research Support Program SR-CRSP. University of Missouri-Columbia. Columbia, MO. 208 pp.<\/li>\n<li>Valdivia, C. 1991<em>. Pol\u00edtica Econ\u00f3mica y Ganader\u00eda Extensiva: El caso de ovinos y cam\u00e9lidos en el Per\u00fa.<\/em> (Economic Policy and Extensive Livestock Production: The case of sheep and camelids in Peru). The University of Missouri-Columbia. Columbia, MO. 107pp.<\/li>\n<\/ul>\n<p><a href=\"#top\">Back to Top<\/a><\/p>\n<p><b id=\"chaptersinbooks\">Chapters in Books<\/b><\/p>\n<ul>\n<li>Jim\u00e9nez, E., J. L. Gilles, A. Romero, J and C. Valdivia. 2013. Cambio Clim\u00e1tico, Diversidad de Papa y Conocimiento Local en el Altiplano Boliviano (Climate Change, Potato Biodiversity and Local Knowledge in the Bolivian Altiplano). In\u00a0 <em>Pobreza, ambiente y cambio clim\u00e1tico<\/em>. <em>(Poverty, environment and climate change<\/em>). CLACSO Latin American Council on Social Sciences. Buenos Aires, Argentina.<\/li>\n<li>Jensen, N. and C. Valdivia. 2013. Exploraci\u00f3n de la relaci\u00f3n entre las estrategias de vida y la resiliencia social y ecol\u00f3gica en el Altiplano de Bolivia. In E. Jim\u00e9nez (ed<em>) <\/em><em>Adaptaci\u00f3n y Cambio Clim\u00e1tico en Bolivia (Adaptation and Climate Change). <\/em>Postgrado en Ciencias del Desarrollo CIDES (Postgraduate in Development Sciences), Universidad Mayor San Andr\u00e9s.La Paz, Bolivia. Pp. 219-245.<\/li>\n<li>Figueroa-Armijos, M. and C. Valdivia. 2013. Papas Nativas, Acceso al Mercado y Resiliencia en el Altiplano Boliviano (Native Potatoes, Market Access and Resiliency in the Bolivian Altiplano).In E. Jim\u00e9nez (ed<em>) <\/em><em>Adaptaci\u00f3n y Cambio Clim\u00e1tico en Bolivia (Adaptation and Climate Change). <\/em>Postgrado en Ciencias del Desarrollo CIDES (Postgraduate in Development Sciences), Universidad Mayor San Andr\u00e9s.La Paz, Bolivia. Pp. 179-218.<\/li>\n<li>Valdivia, C., E. Seth, E. Jim\u00e9nez, and J. Cusicanqui. 2013. <a href=\"https:\/\/cafnrfaculty.missouri.edu\/wp-content\/uploads\/sites\/27\/2020\/02\/cambio_climatico.pdf\">Cambio Clim\u00e1tico y Adaptaci\u00f3n en el Altiplano de Bolivia (Climate Change and Adaptation in the Bolivian Altiplano)<\/a>. In E. Jim\u00e9nez (ed<em>) <\/em><em>Adaptaci\u00f3n y Cambio Clim\u00e1tico en Bolivia (Adaptation and Climate Change). <\/em>Edici\u00f3n 25 a\u00f1os. Postgrado en Ciencias del Desarrollo CIDES (Postgraduate in Development Sciences), Universidad Mayor San Andr\u00e9s (UMSA). La Paz, Bolivia. Pp. 17- 46.<\/li>\n<li>Motavalli, P. P., J. Aguilera, H. Blanco-Canqui, C. Valdivia, A. Seth, and M. Garc\u00eda. 2013. Soils and Climate Change: Consequences and Potential Adaptation in the Andean Highlands. In E. Jim\u00e9nez (ed<em>) <\/em><em>Adaptaci\u00f3n y Cambio Clim\u00e1tico en Bolivia. <\/em>Edici\u00f3n 25 a\u00f1os. Postgrado en Ciencias del Desarrollo CIDES, Universidad Mayor San Andr\u00e9s. La Paz, Bolivia. Pp. 99-122.<\/li>\n<li>Turin, C., and C. Valdivia. 2011. Off-farm Work in the Peruvian Altiplano: Seasonal and Geographic Considerations for Agricultural and Development Policies. Chapter 10 in: Deveraux, S., R. Sabates-Wheeler and R. Longhurst (eds). <em>Seasonality, Rural Livelihoods and Development.<\/em> Earthscan. London, United Kingdom. 320 pp.<\/li>\n<li>Pe\u00f1aranda, M., C. Valdivia, J. Cusicanqui, R. Miranda, M. Garc\u00eda, F. Navia, and E. Yucra. 2011. Pr\u00e1cticas y Estrategias en Respuesta al Riesgo Clim\u00e1tico en Agroecosistemas Vulnerables de la Regi\u00f3n Andina. (Practices and Strategies in Response to Climate Risks in Vulnerable Ecosystems of the Andean Region). In <em>Proyecto Pr\u00e1cticas y Estrategias de Respuesta a los Cambios Clim\u00e1ticos y del Mercado en Agroecosistemas Vulnerables del Programa SANREM-CRSP Compendio 2006-2009<\/em>. (Practices and Strategies in Response to Climate and Market Change in Vulnerable Agroecosystems Project of the SANREM-CRSP Compilation 2006-2009). Universidad Mayor San Andr\u00e9s. La Paz, Bolivia. pp. 23- 31.<\/li>\n<li>Yucra, E., and C. Valdivia. 2011. La Evaluaci\u00f3n Participativa Como Herramienta de Investigaci\u00f3n y Desarrollo Participativo. (Participatory Assessment as Participatory Research and Development Tool). In<em> Proyecto Pr\u00e1cticas y Estrategias de Respuesta a los Cambios Clim\u00e1ticos y del Mercado en Agroecosistemas Vulnerables del Programa SANREM-CRSP Compendio 2006-2009<\/em>. Universidad Mayor San Andr\u00e9s. La Paz, Bolivia. pp. 15-22.<\/li>\n<li>Valdivia, C., M. Gold, L. Zabek, J. Arbuckle, and C. Flora. 2009. Human and Institutional Dimensions of Agroforestry. In: Garrett, H.E. (ed<em>). North American Agroforestry: An Integrated Science and Practice.<\/em> 2<sup>nd<\/sup> Edition. America Society of Agronomy Inc., Madison, WI. pp 339-367.<\/li>\n<li>Su\u00e1rez, B., E. Zapata Martelo, and C. Valdivia. 2007. Aqu\u00ed y All\u00e1, Inseguridad y Desaf\u00edo: Doble Cara de la Migraci\u00f3n (Here and There, Insecurity and Challenge: Two Faces of Migration). In Su\u00e1rez, B., and E. Zapata Martelo (eds). <em>Ilusiones, Sacrificios y Resultados El Escenario real de las Remesas de Emigrantes a Estados Unidos<\/em>. (Illusions, Sacrifices and Results. The Real State of Remittances by Migrants in the US). Serie Programa de Estudios Microecon\u00f3micos y Sociales Aplicados 6 (Microecon. and Applied Social Studies Program). Mexico. pp. 11-58.<\/li>\n<li>Valdivia, C., J. L. Gilles, C. Jett\u00e9, R. Quiroz, and R. Espejo. 2003. Coping and Adapting to Climate Variability: The Role of Assets, Networks, Knowledge and Institutions. In <em>Insights and Tools for Adaptation: Learning from Climate Variability. <\/em> National Oceanic and Atmospheric Administration (NOAA) Office of Global Programs, Climate and Societal Interactions. Washington, D.C. pp. 189-199.<\/li>\n<li>Rastegari, S., C. Valdivia, and B. Wells. 2001. Women in Higher Education: Social Sciences at Land Grant Universities in the U.S.\u00a0In Zapata, E., and V. V\u00e1zquez (eds). <em>Women in Higher Education in Mexico the US and the UK<\/em>. Colegio de Postgraduados, MIAC, British Council. Mexico. pp. 133-170.<\/li>\n<li>Coppock, D. L., and C. Valdivia. 2001. Project Objectives and Research Approach. In Coppock, D. L., and C. Valdivia (eds). <em>Sustaining Agropastoralism on the Bolivian Altiplano: The Case of San Jose Llanga<\/em>. Rangeland Resources Dept., Utah State University. Logan, UT. pp.1-16.<\/li>\n<li>Valdivia, C., C. Jett\u00e9, L. Markowitz, J. C\u00e9spedes, J. de Queiroz, C. Murillo, and E. Dunn. 2001. Household Economy and Community Dynamics at San Jos\u00e9 Llanga. In Coppock, D. L., and C. Valdivia (eds). <em>Sustaining Agropastoralism on the Bolivian Altiplano: The Case of San Jose Llanga<\/em>. Rangeland Resources Dept., Utah State University. Logan, UT. pp. 117-165.<\/li>\n<li>Valdivia, C. 2001. Household Socioeconomic Diversity and Coping Response to a Drought Year at San Jos\u00e9 Llanga. In Coppock, D. L., and C. Valdivia (eds). <em>Sustaining Agropastoralism on the Bolivian Altiplano: The Case of San Jose Llanga.<\/em> Rangeland Resources Dept., Utah State University. Logan, UT. pp. 217-237.<\/li>\n<li>Markowitz, L., and C. Valdivia. 2001. Patterns of Technology Adoption at San Jos\u00e9 Llanga: Lessons in Agricultural Change. In Coppock, L. D., and C. Valdivia (eds). <em>Sustaining Agropastoralism on the Bolivian Altiplano: The Case of San Jose Llanga.<\/em> Rangeland Resources Dept., USU. Logan, UT. pp. 239-256.<\/li>\n<li>Coppock, D. L., C. Valdivia, J. Yazman, C. Jett\u00e9, J. de Queiroz, L. Markowitz, and I. M. Ortega. 2001. Conclusions and Recommendations. In Coppock, D. L., and C. Valdivia (eds<em>). Sustaining Agropastoralism on the Bolivian Altiplano: The Case of San Jose Llanga. <\/em>Rangeland Resources Dept., USU. Logan, UT. pp. 257-271.<\/li>\n<li>Valdivia, C. 1995. Policy Impact Assessment in Small Ruminant Production Systems: The Peruvian Case. In Ruiz, M. E., C. Ser\u00e9, and H. Li Pun (eds). <em>Animal Production Systems.<\/em>Inter-American Institute for Cooperation on Agriculture. San Jose, Costa Rica. pp. 385-415.<\/li>\n<li>Jurado, J., C. Valdivia, and J. Pichihua. 1986. SAIS de la Sierra: Problemas y Alternativas. (SAIS of the Sierra: Problems and Alternatives) in Figueroa A., and J. Portocarrero (eds). <em>Priorizaci\u00f3n y Desarrollo del Sector Agrario en el Per\u00fa.<\/em>(Prioritization and Development of the Agrarian Sector in Peru). Friedrich Ebert Foundation and Pontificia Universidad Cat\u00f3lica del Per\u00fa. Lima, Peru. pp. 305-324.<\/li>\n<\/ul>\n<p><a href=\"#top\">Back to Top<\/a><\/p>\n<p><b id=\"invitedpublicationsbyinternationalorganizations\">Invited Publications by International Organizations<\/b><\/p>\n<ul>\n<li>Jimenez, E. and C. Valdivia. 2009. Market Integration: The Challenge of Climate Change. In <em>Sustainable Livelihoods Highlights. Research Findings for Development Policymakers and Practitioners<\/em>. October. Institute of Development Studies IDS, United Kingdom. p.5.<\/li>\n<li>Sperling, F., C. Valdivia, R. Quiroz, R. Valdivia, L. Angulo, A. Seimon, and I. Noble. 2008. <em>Transitioning to Climate Resilient Development \u2013 Perspectives from Communities of Peru.<\/em> Climate Change Series No. 115. The World Bank Environment Department Papers. Sustainable Development Vice Presidency. Washington, D.C. 103pp.<\/li>\n<li>Hildebrand, P., and C. Valdivia. 2003. Module 4: Understanding Decision Makers. Lecture summaries. In <em>Advanced Training Institute on Climate Variability and Food Security.<\/em> Intensive Training Workshop 8-26 July 2002. Published by the International Research Institute for Climate Prediction. Columbia University. Palisades, NY. pp. 22-24.<\/li>\n<li>Dunn, E., N. Kalaitzandonakes, and C. Valdivia. 1996. Risk and the Impacts of Microenterprise Services. <em>Assessing the Impacts of Microenterprise Services (AIMS).<\/em> USAID no. PN\u2011ABZ\u2011078. Washington, D.C. 29pp. Spanish Brief: <em>Informe AIMS<\/em> No.4. August. 2 pp.<\/li>\n<li>Valdivia, C. 1992. Assessing the Impact of Policy on Peruvian Small Ruminant Production Systems. <em>Development Studies Paper Series<\/em>. Winrock International Institute for Agricultural Development. Morrilton, AR. 24 pp.<\/li>\n<\/ul>\n<p><a href=\"#top\">Back to Top<\/a><\/p>\n","protected":false},"excerpt":{"rendered":"<p>PDFs of Selected Books Peer-Reviewed Articles Invited Journal Articles Books and Editing Roles Chapters in Books Invited Publications by International Organizations PDFs of Selected Books Transitioning to Climate Resilient Development-Perspectives from Communities in Peru Sustaining Agropastoralism on the Bolivian Altiplano: The Case of San Jose Llanga Cambio Clim\u00e1tico y Adaptaci\u00f3n en el Altiplano de Bolivia [&hellip;]<\/p>\n","protected":false},"author":53,"featured_media":0,"parent":5,"menu_order":2,"comment_status":"closed","ping_status":"closed","template":"page.php","meta":{"footnotes":""},"class_list":["post-11","page","type-page","status-publish","hentry"],"_links":{"self":[{"href":"https:\/\/cafnrfaculty.missouri.edu\/cvaldivia\/wp-json\/wp\/v2\/pages\/11","targetHints":{"allow":["GET"]}}],"collection":[{"href":"https:\/\/cafnrfaculty.missouri.edu\/cvaldivia\/wp-json\/wp\/v2\/pages"}],"about":[{"href":"https:\/\/cafnrfaculty.missouri.edu\/cvaldivia\/wp-json\/wp\/v2\/types\/page"}],"author":[{"embeddable":true,"href":"https:\/\/cafnrfaculty.missouri.edu\/cvaldivia\/wp-json\/wp\/v2\/users\/53"}],"replies":[{"embeddable":true,"href":"https:\/\/cafnrfaculty.missouri.edu\/cvaldivia\/wp-json\/wp\/v2\/comments?post=11"}],"version-history":[{"count":8,"href":"https:\/\/cafnrfaculty.missouri.edu\/cvaldivia\/wp-json\/wp\/v2\/pages\/11\/revisions"}],"predecessor-version":[{"id":15,"href":"https:\/\/cafnrfaculty.missouri.edu\/cvaldivia\/wp-json\/wp\/v2\/pages\/11\/revisions\/15"}],"up":[{"embeddable":true,"href":"https:\/\/cafnrfaculty.missouri.edu\/cvaldivia\/wp-json\/wp\/v2\/pages\/5"}],"wp:attachment":[{"href":"https:\/\/cafnrfaculty.missouri.edu\/cvaldivia\/wp-json\/wp\/v2\/media?parent=11"}],"curies":[{"name":"wp","href":"https:\/\/api.w.org\/{rel}","templated":true}]}}