{"id":157,"date":"2018-11-07T19:58:51","date_gmt":"2018-11-07T19:58:51","guid":{"rendered":"https:\/\/cafnrfaculty.missouri.edu\/sutovskylab\/?page_id=157"},"modified":"2021-08-27T19:12:51","modified_gmt":"2021-08-27T19:12:51","slug":"dalen-zuidema","status":"publish","type":"page","link":"https:\/\/cafnrfaculty.missouri.edu\/sutovskylab\/dalen-zuidema\/","title":{"rendered":"Dalen Zuidema"},"content":{"rendered":"<h3><strong>Graduate student (PhD candidate)<\/strong><\/h3>\n<p><strong>Education:<\/strong><\/p>\n<p>B.S. Animal science &#8211; South Dakota State University, South Dakota, USA<\/p>\n<p>PhD candidate, Reproductive physiology &#8211; University of Missouri, Missouri, USA<\/p>\n<p><strong>Positions:<\/strong><\/p>\n<p>2015 \u2013 2017\u00a0\u00a0\u00a0\u00a0\u00a0 Undergraduate Researcher, Department of Animal Science, South Dakota State University<\/p>\n<p>2016 \u2013 2017\u00a0\u00a0\u00a0\u00a0\u00a0 Gilt Selector, Genesus Genetics, Summer 2016\u00a0 Intern Researcher, USDA Meat Animal Research Center<\/p>\n<p>2017 &#8211;\u00a0\u00a0\u00a0\u00a0\u00a0\u00a0\u00a0\u00a0\u00a0\u00a0 PhD. Student, Department of Animal Science, University of Missouri<\/p>\n<p><strong>Awards\/Honors:<\/strong><\/p>\n<p>2021: University of Missouri CAFNR Dissertation Research Improvement Grant Award<\/p>\n<p>2020: H. A. Herman Memorial A. I. Industry Scholarship<\/p>\n<p>2018: Student oral presentation competition prize, Biannual Meeting of the Association for Applied Animal Andrology, New Orleans, July 14-16, 2018.<\/p>\n<p>2017\u00a0\u00a0\u00a0 1<sup>st<\/sup> Place Undergrad poster, Presented at Gamma Sigma Delta poster competition, South Dakota State University.<\/p>\n<p>2018\u00a0\u00a0\u00a0 Larry Ewing Memorial Trainee Travel Award, Presented at 51th Annual Meeting of the Society for Study of Reproduction, 10-13 July 2018 in New Orleans, LA.<\/p>\n<p>2018\u00a0\u00a0\u00a0 Student Competition Finalist Presenter, 11<sup>th<\/sup> Biannual Meeting of Association for Applied Animal Andrology, 14-16 July 2018 in New Orleans, LA.<\/p>\n<p>2021 MU CAFNR Thesis Improvement Award<\/p>\n<p><strong><span style=\"color: #222222;font-family: 'Arial','sans-serif'\">Publications:<\/span><\/strong><\/p>\n<p>Mao J, Zigo M, <strong>Zuidema D,<\/strong> Sutovsky M, and Sutovsky P (2021) NEDD4-like ubiquitin ligase 2 protein (NEDL2) in porcine spermatozoa, oocytes, and preimplantation embryos and its role in oocyte fertilization. <em>Biol. Reprod.,<\/em> 104(1):117-129.<\/p>\n<p>Zigo M, Ma\u0148\u00e1skov\u00e1-Postlerov\u00e1 P, <strong>Zuidema D,<\/strong> Kerns K, Jon\u00e1kov\u00e1 V, T\u016fmov\u00e1 L, Buben\u00ed\u010dkov\u00e1 F, Sutovsky P (2020) Porcine model for the study of sperm capacitation, fertilization and male fertility.<strong> <em>Cell Tissue Res.,<\/em> <\/strong>380(2):237-262.<\/p>\n<p><strong>Zuidema D.<\/strong> &amp; Sutovsky P. (2020). The Domestic Pig as a Model for the Study of Mitochondrial Inheritance,<em> Cell &amp; Tissue Research<\/em>, 1-9, Doi: 10.1007\/s00441-019-03100-z<\/p>\n<p>Sutovsky P., Kerns K., Zigo M., <strong>Zuidema D.<\/strong> (2019). Boar Semen Improvement through Sperm Capacitation Management, With Emphasis on Zinc Ion Homeostasis, Theriogenology, Doi: 10.1016\/j.theriogenology.2019.05.037<\/p>\n<p><strong><span style=\"color: #222222;font-family: 'Arial','sans-serif'\">Major scientific meeting abstracts:<\/span><\/strong><\/p>\n<p><span style=\"line-height: 107%;font-family: 'Arial','sans-serif';font-size: 12pt\"><span style=\"color: #000000\">Mammalian Cell-Free System for the Study of Mitochondrial Inheritance, Poster and Oral presentation. Presented at the 11<sup>th<\/sup><\/span><span style=\"color: #000000\"> Biennial Conference of Association for Applied Animal Andrology (AAAA), 14-16 July, 2018 in New Orleans, LA.<\/span><\/span><\/p>\n<p><span style=\"line-height: 107%;font-family: 'Arial','sans-serif';font-size: 12pt\"><span style=\"color: #000000\">Mammalian Cell-Free System for the Study of Mitochondrial Inheritance, Poster. Presented at the 51<sup>st<\/sup><\/span><span style=\"color: #000000\"> Annual Meeting of the Society for the Study of Reproduction (SSR), 10-13 July, 2018 in New Orleans, LA.<\/span><\/span><\/p>\n<p><span style=\"line-height: 107%;font-family: 'Arial','sans-serif';font-size: 12pt\"><span style=\"color: #000000\">Comparison of Igenity Silver Profile and Zoetis PredicGEN DNA Tests in Crossbred Beef Cattle, Poster. Presented at the Midwest American Society of Animal Science Annual Meeting, 13-15 March, 2017 in Omaha, NE.<\/span><\/span><\/p>\n<p>&nbsp;<\/p>\n","protected":false},"excerpt":{"rendered":"<p>Graduate student (PhD candidate) Education: B.S. Animal science &#8211; South Dakota State University, South Dakota, USA PhD candidate, Reproductive physiology &#8211; University of Missouri, Missouri, USA Positions: 2015 \u2013 2017\u00a0\u00a0\u00a0\u00a0\u00a0 Undergraduate Researcher, Department of Animal Science, South Dakota State University 2016 \u2013 2017\u00a0\u00a0\u00a0\u00a0\u00a0 Gilt Selector, Genesus Genetics, Summer 2016\u00a0 Intern Researcher, USDA Meat Animal Research [&hellip;]<\/p>\n","protected":false},"author":23,"featured_media":160,"parent":0,"menu_order":0,"comment_status":"closed","ping_status":"closed","template":"","meta":{"footnotes":""},"class_list":["post-157","page","type-page","status-publish","has-post-thumbnail","hentry"],"_links":{"self":[{"href":"https:\/\/cafnrfaculty.missouri.edu\/sutovskylab\/wp-json\/wp\/v2\/pages\/157","targetHints":{"allow":["GET"]}}],"collection":[{"href":"https:\/\/cafnrfaculty.missouri.edu\/sutovskylab\/wp-json\/wp\/v2\/pages"}],"about":[{"href":"https:\/\/cafnrfaculty.missouri.edu\/sutovskylab\/wp-json\/wp\/v2\/types\/page"}],"author":[{"embeddable":true,"href":"https:\/\/cafnrfaculty.missouri.edu\/sutovskylab\/wp-json\/wp\/v2\/users\/23"}],"replies":[{"embeddable":true,"href":"https:\/\/cafnrfaculty.missouri.edu\/sutovskylab\/wp-json\/wp\/v2\/comments?post=157"}],"version-history":[{"count":10,"href":"https:\/\/cafnrfaculty.missouri.edu\/sutovskylab\/wp-json\/wp\/v2\/pages\/157\/revisions"}],"predecessor-version":[{"id":411,"href":"https:\/\/cafnrfaculty.missouri.edu\/sutovskylab\/wp-json\/wp\/v2\/pages\/157\/revisions\/411"}],"wp:featuredmedia":[{"embeddable":true,"href":"https:\/\/cafnrfaculty.missouri.edu\/sutovskylab\/wp-json\/wp\/v2\/media\/160"}],"wp:attachment":[{"href":"https:\/\/cafnrfaculty.missouri.edu\/sutovskylab\/wp-json\/wp\/v2\/media?parent=157"}],"curies":[{"name":"wp","href":"https:\/\/api.w.org\/{rel}","templated":true}]}}