{"id":164,"date":"2018-11-07T20:35:30","date_gmt":"2018-11-07T20:35:30","guid":{"rendered":"https:\/\/cafnrfaculty.missouri.edu\/sutovskylab\/?page_id=164"},"modified":"2021-08-30T20:41:26","modified_gmt":"2021-08-30T20:41:26","slug":"karl-kerns","status":"publish","type":"page","link":"https:\/\/cafnrfaculty.missouri.edu\/sutovskylab\/karl-kerns\/","title":{"rendered":"Karl Kerns Ph.D."},"content":{"rendered":"<h3><strong>Adjunct Assistant Professor, University of Missouri<\/strong><\/h3>\n<p><strong>Assistant Professor, Iowa State University<\/strong><\/p>\n<p><strong>Education:<\/strong><\/p>\n<p>B.S. 2014 Animal Science\u00a0 &#8211; Iowa State University, Ames, IA<\/p>\n<p>Ph.D.\u00a0 2019 Reproductive Physiology &#8211; University of Missouri, Columbia, MO<\/p>\n<p><span style=\"float: none;background-color: #ffffff;color: #333333;cursor: text;font-family: Georgia,'Times New Roman','Bitstream Charter',Times,serif;font-size: 16px;font-style: normal;font-variant: normal;font-weight: 400;letter-spacing: normal;text-align: left;text-decoration: none;text-indent: 0px;text-transform: none\">Postdoc 2019-2020, Reproductive Physiology &#8211; University of Missouri, Columbia, MO<\/span><\/p>\n<p><strong>Positions and Employment<\/strong><\/p>\n<p>October 2020-present Adjunct Assistant Professor, University of Missouri<\/p>\n<p>August 2020-present Assistant Professor, Iowa State University<\/p>\n<p>August 2020-Present May 2019 &#8211; July\u00a0 2020 \u00a0 \u00a0 USDA NIFA Postdoctoral Fellow, Sutovsky Lab<\/p>\n<p>Summer 2013 \u00a0\u00a0 USDA ARS, Dr. David Guthrie Lab, Intern, Beltsville, MD<\/p>\n<p>Summer 2013 <em>\u00a0\u00a0 <\/em>University of Adelaide, Dr. William van Wettere Lab, Intern, <em>Australia<\/em><\/p>\n<p>Summer 2011 \u00a0\u00a0 Trans Ova Genetics, Sexed Semen and In-vitro Fertilization Lab Intern, IA<\/p>\n<p>Summer 2012 \u00a0\u00a0 Smithfield Premium Genetics, Management &amp; Operations Intern, NC &amp; TX<\/p>\n<p>2011 \u2013 2014\u00a0\u00a0\u00a0 \u00a0\u00a0 Iowa State University \u2013 Dr. Jason Ross Lab, Undergraduate Research<\/p>\n<p>2008 \u2013 2013\u00a0\u00a0\u00a0 \u00a0\u00a0 University of Nebraska &amp; Bellwether Farms<\/p>\n<p>2004 \u2013 2014\u00a0\u00a0\u00a0 \u00a0\u00a0 International Boar Semen, IA<\/p>\n<p><strong>Other Experience and Professional Memberships<\/strong><\/p>\n<p>2015 &#8211; \u00a0\u00a0\u00a0\u00a0\u00a0\u00a0\u00a0\u00a0\u00a0\u00a0\u00a0\u00a0 Society for the Study of Reproduction (SSR)<\/p>\n<p>2015 &#8211; \u00a0\u00a0\u00a0\u00a0\u00a0\u00a0\u00a0\u00a0\u00a0\u00a0\u00a0\u00a0 American Association for the Advancement of Science (AAAS)<\/p>\n<p>2013<em>\u00a0\u00a0\u00a0\u00a0\u00a0\u00a0\u00a0\u00a0\u00a0\u00a0\u00a0\u00a0\u00a0\u00a0\u00a0 <\/em>Beta Beta Beta Biological Honors Society<\/p>\n<p>2013\u00a0\u00a0\u00a0\u00a0\u00a0\u00a0\u00a0\u00a0\u00a0\u00a0\u00a0\u00a0\u00a0\u00a0\u00a0 Cardinal Key Honor Society (Top 1% Campus Leadership, Service, &amp; Scholastic)<\/p>\n<p>2011\u00a0\u00a0\u00a0 \u00a0\u00a0\u00a0\u00a0 Alpha Zeta Honor Fraternity<\/p>\n<p><strong>Honors<\/strong><\/p>\n<p>2020 First place in postdoctoral poster competition at SSR Virtual 2020.<\/p>\n<p>2020: USDA-NIFA-AFRI Merit Award (SSR meeting 2020)<\/p>\n<p>2020: University of Missouri Distinguished Dissertation Award<\/p>\n<p>2019\u00a0\u00a0\u00a0\u00a0\u00a0\u00a0\u00a0\u00a0\u00a0 USDA National Institute of Food and Agriculture Postdoctoral Fellowship<\/p>\n<p>2019\u00a0\u00a0\u00a0\u00a0\u00a0\u00a0\u00a0\u00a0\u00a0 Society for the Study of Reproduction (SSR) Trainee Travel Award (1 of 20)<\/p>\n<p>2019\u00a0\u00a0\u00a0\u00a0\u00a0\u00a0\u00a0\u00a0\u00a0 Missouri Life Sciences Week; Animal Biology, Health &amp; Disease &#8211; 1st Place<\/p>\n<p>2019\u00a0\u00a0\u00a0\u00a0\u00a0\u00a0\u00a0\u00a0\u00a0 Iowa State University STATEment Maker, Academia Division<\/p>\n<p>2018\u00a0\u00a0\u00a0 \u00a0\u00a0\u00a0\u00a0 \u00a0Missouri Life Sciences Week Plant and Animal Physiology and Health, 2nd Place<\/p>\n<p>2018\u00a0\u00a0\u00a0 \u00a0\u00a0 \u00a0\u00a0\u00a0 Animal Science Graduate Forum, University of Missouri, 1st Place PhD Oral<\/p>\n<p>2015 &#8211; &#8217;18\u00a0\u00a0\u00a0\u00a0\u00a0\u00a0\u00a0 Larry Ewing Memorial Trainee Travel Award, SSR<\/p>\n<p>2017\u00a0\u00a0\u00a0 \u00a0\u00a0\u00a0\u00a0 National Swine Improvement Federation (NSIF) Graduate Student Award<\/p>\n<p>2015 &amp; \u201917 Douglas D. Randall Young Scientists Development Award, University of MO<\/p>\n<p>2017\u00a0\u00a0\u00a0 \u00a0\u00a0\u00a0\u00a0\u00a0\u00a0 USDA NIFA AFRI SSR Scientific Merit and Impact Award<\/p>\n<p>2017\u00a0\u00a0\u00a0 \u00a0\u00a0\u00a0\u00a0\u00a0\u00a0 SSR Trainee Platform Finalist (Top 1% of 600+ abstracts)<\/p>\n<p>2017\u00a0\u00a0\u00a0 \u00a0\u00a0\u00a0\u00a0\u00a0\u00a0 USDA National Institute of Food and Agriculture Predoctoral Fellow ($95,000)<\/p>\n<p>2015\u00a0\u00a0\u00a0 \u00a0\u00a0\u00a0\u00a0\u00a0\u00a0 Animal Science Graduate Forum, University of Missouri, 2nd Place PhD Poster<\/p>\n<p>2014 -\u201916 \u00a0Miller Fellow, University of Missouri<\/p>\n<p>2014 -\u201916 \u00a0Graduate College Fellow, University of Missouri<\/p>\n<p>2013\u00a0\u00a0\u00a0\u00a0\u00a0\u00a0\u00a0\u00a0\u00a0\u00a0\u00a0\u00a0\u00a0\u00a0\u00a0 Murray Wise Agricultural Entrepreneurship Award ($10,000)<\/p>\n<p>2013<em>\u00a0\u00a0\u00a0 \u00a0\u00a0\u00a0 <\/em>Iowa Governor Branstad Agricultural Leadership Award<\/p>\n<p><strong>Grant Funding:<\/strong><\/p>\n<p>2019-67012-29714 \u00a0 \u00a0 \u00a0 \u00a0 Kerns (PI) \u00a0 \u00a0 \u00a0 \u00a0 \u00a0 \u00a0 \u00a0 \u00a0 \u00a0 \u00a0 \u00a0 \u00a0 \u00a0 \u00a0 06\/01\/2019-05\/31\/2021 USDA NIFA AFRI Education and Workforce Development. Title:\u00a0Characterizing Boar and Bull Semen Ejaculate-to-Ejaculate Fertility Differences<\/p>\n<p>2017-67011-26023\u00a0\u00a0\u00a0\u00a0\u00a0\u00a0USDA NIFA AFRI Education and Workforce Development\u00a0\u00a0\u00a0\u00a0\u00a0\u00a0\u00a0\u00a0\u00a0\u00a0\u00a0\u00a0\u00a0Kerns (PD)\u00a0\u00a0 \u00a0\u00a0\u00a0\u00a0\u00a0\u00a0\u00a0\u00a0\u00a0\u00a0\u00a0\u00a0\u00a0\u00a0\u00a0\u00a0\u00a0\u00a0\u00a0\u00a0\u00a0\u00a0\u00a0\u00a0\u00a0\u00a0\u00a0\u00a0\u00a0\u00a0\u00a0\u00a0\u00a0\u00a0\u00a0\u00a0\u00a0\u00a0\u00a002\/01\/2017-01\/31\/2019 Title:\u00a0\u00a0\u00a0\u00a0\u00a0\u00a0Optimizing boar sperm nanopurification and creating a boar fertility prediction model.<\/p>\n<p><strong>Publications:<\/strong><\/p>\n<ol>\n<li>Sharif M<strong>, Kerns K, <\/strong>Sutovsky P, Bovin N, Miller DJ (2021) Progesterone induces porcine sperm release from oviduct glycans in a proteasome-dependent manner. <strong><em>Reproduction,<\/em> 161(4):449-457.<\/strong><\/li>\n<li><strong>Kerns K<\/strong>, Jankovitz J, Minton A, Kuster C, Robinson J, Sutovsky P (2020) Relationship between the length of sperm tail mitochondrial sheath and fertility traits in boars used for artificial insemination. <strong><em>Antioxidants,<\/em><\/strong> 9(11):1033. doi: 10.3390\/antiox9111033<\/li>\n<li><strong>Kerns K<\/strong>, Sharif M, Zigo M, Xu W, Hamilton L, Sutovsky M, Ellersieck M, Drobnis EZ, Oko R, Miller D, Sutovsky P (2020) Sperm cohort-specific zinc signature acquisition and capacitation-induced zinc flux regulate sperm-oviduct and sperm-zona pellucida interactions. <em>Int. J. Mol. Sci.,<\/em> 21(6):2121; Special Issue on Advances in Molecular Regulation of Spermatozoa Function.<\/li>\n<li>Zigo M, Ma\u0148\u00e1skov\u00e1-Postlerov\u00e1 P, Zuidema D, <strong>Kerns K<\/strong>, Jon\u00e1kov\u00e1 V, T\u016fmov\u00e1 L, Buben\u00ed\u010dkov\u00e1 F, Sutovsky P (2020) Porcine model for the study of sperm capacitation, fertilization and male fertility.<strong> <em>Cell Tissue Res.,<\/em> <\/strong>380(2):237-262.<\/li>\n<li>Kelsey KM, Zigo M, Thompson WE, <strong>Kerns K<\/strong>, Gaurishankar Manandhar G, Sutovsky M, Sutovsky P (2020) Reciprocal surface expression of arylsulfatase A and ubiquitin in normal and defective mammalian spermatozoa.<strong> <em>Cell Tissue Res. <\/em><\/strong>379:561-576.<\/li>\n<li>Zigo M, Manaskova-Postlerova P, Jonakova V, <strong>Kerns K<\/strong>, Sutovsky P (2019) Compartmentalization of the proteasome-interacting proteins during sperm capacitation.<strong> <em>Sci. Rep. <\/em><\/strong>9:12583<\/li>\n<li>Mordhorst B, <strong>Kerns K<\/strong>, Schauflinger M, Zigo M, Murphy S, Ross R, Wells K, Green J, Sutovsky P, Prather R (2019) Pharmacologic treatment with CPI-613 and PS48 decreases mitochondrial membrane potential and increases quantity of autolysosomes in porcine fibroblasts. <strong><em>Sci. Rep.<\/em><\/strong> 9:9417.<\/li>\n<li>Sutovsky P, <strong>Kerns K<\/strong>, Zigo M, Zuidema D (2019) Boar semen improvement through sperm capacitation management, with emphasis on zinc ion homeostasis.<strong> <em>Theriogenology,<\/em> <\/strong>137:50-55<\/li>\n<li>Zigo M, Jonakova V, Manaskova-Postlerova P, <strong>Kerns K<\/strong>, Sutovsky P (2019) Ubiquitin-proteasome system participates in the de-aggregation of spermadhesin and DQH protein during boar sperm capacitation<strong>. <em>Reproduction,<\/em> <\/strong>doi: 10.1530\/REP-18-0413.<\/li>\n<li><strong>Kerns K<\/strong>, Zigo M, Sutovsky P (2018) Zinc: A necessary ion for mammalian sperm fertilization competency.<strong> <em>Int. J. Mol Sci.,<\/em> <\/strong>19(12)<\/li>\n<li><strong>Kerns K<\/strong>, Zigo M, Sutovsky M, Drobnis E, Sutovsky P. 2018. Zinc Ion Flux of Mammalian Spermatozoa Capacitation. <strong><em>Nature Communications<\/em><\/strong>. DOI:10.1038\/s41467-018-04523-y<\/li>\n<li><strong>Kerns K<\/strong>, Zigo M, Sutovsky P. 2018. Zinc: A Necessary Ion for Mammalian Sperm Fertilization Competency. <strong><em> J. Mol. Sci<\/em><\/strong>. 19 (12), 4097. DOI:10.3390\/ijms19124097<\/li>\n<li><strong>Kerns K<\/strong>, Morales P, Sutovsky P. 2016. Regulation of Sperm Capacitation by the 26S proteasome: An emerging New Paradigm in Spermatology. <strong><em>Biol Reprod<\/em><\/strong> 94(5):117. DOI: 10.1095\/biolreprod.115.136622<\/li>\n<li>Mordhorst BR, <strong>Kerns KC<\/strong>, Schauflinger M, Murphy SL, Ross RM, Samuel MS, Wells KD, Green JA, Sutovsky P, Prather RS. 2019. Pharmacologic reprogramming designed to induce a Warburg Effect in porcine fetal fibroblasts decreases mitochondrial membrane potential and increases the quantity of autolysosomes, without impacting the overall quantity or size mitochondria. <strong><em>Scientific Reports<\/em><\/strong>. DOI:10.1038\/s41598-019-45850-4<\/li>\n<li>Zigo M, Manaskova-Postlerova P, Jonakova V, <strong>Kerns K<\/strong>, Sutovsky P. 2019. Proteasomal activity mediates structural and proteome remodeling during sperm capacitation. <strong><em>Scientific Reports<\/em><\/strong>. DOI:10.1038\/s41598-019-49024-0<\/li>\n<li>Kelsey KM, Zigo M, Thompson WE, <strong>Kerns K<\/strong>, Manandhar G, Sutovsky M, Sutovsky P. 2019. Reciprocal Surface Expression of Arylsulfatase A and Ubiquitin in Normal and Defective Mammalian Spermatozoa. <strong><em>Cell Tissue Res<\/em><\/strong><em>.<\/em> In press.<\/li>\n<li>Sutovsky P, <strong>Kerns K<\/strong>, Zigo M, Zuidema D. 2019. Boar Semen Improvement through Sperm Capacitation Management, With Emphasis on Zinc Ion Homeostasis. <strong><em>Theriogenology<\/em><\/strong>. DOI: 1016\/j.theriogenology.2019.05.037<\/li>\n<li>Chinchilla-Vargas J, <strong>Kerns K<\/strong>, Rothschild MF. 2017. Climatic and lunar effects on boar semen traits. <strong><em>Anim Reprod Sci<\/em><\/strong>. DOI:10.1016\/j.anireprosci.2018.04.006<\/li>\n<li>Zigo M, Manaskova-Postlerova P, Jonakova V, <strong>Kerns K<\/strong>, Sutovsky P. 2019. Ubiquitin-proteasome system participates in the de-aggregation of spermadhesion and DQH protein during boar sperm capacitation. <strong><em>Reprod<\/em><\/strong>. DOI: 10.1530\/REP-18-0413<\/li>\n<li>Zigo M, <strong>Kerns K<\/strong>, Sutovsky M, Sutovsky P. 2018. Modifications of the 26S proteasome during boar sperm capacitation. <strong><em>Cell Tissue Res<\/em><\/strong>. DOI:10.1007\/s00441-017-2786-6<\/li>\n<li>Costello K, <strong>Kerns K<\/strong>, Sutovsky P, Timms K. 2018. Paternal Development Exposure to Endometriosis Causes Negative Transgenerational Impacts on Male Fertility. Submitted.<\/li>\n<li>Jankovitz J,<strong> Kerns K*<\/strong>, Minton A, Kuster C, Sutovsky P. Relationship between the length of sperm tail mitochondrial sheath and fertility traits in boars used for artificial insemination. In preparation.<\/li>\n<li><strong>Kerns K<\/strong>, Sutovsky M, Sutovsky P. Characterization of spermatozoa plasma membrane changes and zinc super resolution 3D modeling during capacitation. In preparation.<\/li>\n<li><strong>Kerns K<\/strong>, Zigo M, Sutovsky M, Sutovsky P. Spermatozoa zinc signature and capacitation rate is dependent on ejaculatory sequence. In preparation.<\/li>\n<li>Nogueira E,<strong> Kerns K<\/strong>, Wiley G, Zigo M, Sutovsky P. Bull fertility predictive model using a biomarker approach. In preparation.<\/li>\n<li>Grusenmeyer E, <strong>Kerns K,<\/strong> Zulovich J, Sutovsky P, Lamberson W, Lucy M, Safranski T. Heat stress mitigation strategies for boars and the impact on sperm quality parameters. In preparation.<\/li>\n<li>Walters EM, <strong>Kerns K<\/strong>, Burlak C. 2017. Xenotransplantation literature update, May\/June 2017. <strong><em>Xenotransplantation<\/em><\/strong> 24(4): e12323. DOI: 10.1111\/xen.12323<\/li>\n<li><strong>Kerns K<\/strong>, Hua A, Burlak C. 2017. Xenotransplantation literature update, January\/February 2017. <strong><em>Xenotransplantation<\/em><\/strong> 24(2): e12304. DOI: 10.1111\/xen.12304<\/li>\n<li>Burlak C and <strong>Kerns KC<\/strong>. 2015. Xenotransplantation literature update, January-February 2015. <strong><em>Xenotransplantation<\/em><\/strong> 22(2): 155-157. DOI: 10.111\/xen.12168<\/li>\n<li>Burlak C, <strong>Kerns KC<\/strong>, Taylor RT. 2015. Xenotransplantation literature update, March-April 2015. <strong><em>Xenotransplantation<\/em><\/strong> 22(3): 236-238. DOI: 10.111\/xen.12171<\/li>\n<\/ol>\n<p>*Designates co-first author.<\/p>\n<p>&nbsp;<\/p>\n<p>&nbsp;<\/p>\n","protected":false},"excerpt":{"rendered":"<p>Adjunct Assistant Professor, University of Missouri Assistant Professor, Iowa State University Education: B.S. 2014 Animal Science\u00a0 &#8211; Iowa State University, Ames, IA Ph.D.\u00a0 2019 Reproductive Physiology &#8211; University of Missouri, Columbia, MO Postdoc 2019-2020, Reproductive Physiology &#8211; University of Missouri, Columbia, MO Positions and Employment October 2020-present Adjunct Assistant Professor, University of Missouri August 2020-present [&hellip;]<\/p>\n","protected":false},"author":23,"featured_media":170,"parent":0,"menu_order":0,"comment_status":"closed","ping_status":"closed","template":"","meta":{"footnotes":""},"class_list":["post-164","page","type-page","status-publish","has-post-thumbnail","hentry"],"_links":{"self":[{"href":"https:\/\/cafnrfaculty.missouri.edu\/sutovskylab\/wp-json\/wp\/v2\/pages\/164","targetHints":{"allow":["GET"]}}],"collection":[{"href":"https:\/\/cafnrfaculty.missouri.edu\/sutovskylab\/wp-json\/wp\/v2\/pages"}],"about":[{"href":"https:\/\/cafnrfaculty.missouri.edu\/sutovskylab\/wp-json\/wp\/v2\/types\/page"}],"author":[{"embeddable":true,"href":"https:\/\/cafnrfaculty.missouri.edu\/sutovskylab\/wp-json\/wp\/v2\/users\/23"}],"replies":[{"embeddable":true,"href":"https:\/\/cafnrfaculty.missouri.edu\/sutovskylab\/wp-json\/wp\/v2\/comments?post=164"}],"version-history":[{"count":13,"href":"https:\/\/cafnrfaculty.missouri.edu\/sutovskylab\/wp-json\/wp\/v2\/pages\/164\/revisions"}],"predecessor-version":[{"id":438,"href":"https:\/\/cafnrfaculty.missouri.edu\/sutovskylab\/wp-json\/wp\/v2\/pages\/164\/revisions\/438"}],"wp:featuredmedia":[{"embeddable":true,"href":"https:\/\/cafnrfaculty.missouri.edu\/sutovskylab\/wp-json\/wp\/v2\/media\/170"}],"wp:attachment":[{"href":"https:\/\/cafnrfaculty.missouri.edu\/sutovskylab\/wp-json\/wp\/v2\/media?parent=164"}],"curies":[{"name":"wp","href":"https:\/\/api.w.org\/{rel}","templated":true}]}}