{"id":191,"date":"2019-03-12T18:06:38","date_gmt":"2019-03-12T18:06:38","guid":{"rendered":"https:\/\/cafnrfaculty.missouri.edu\/sutovskylab\/?page_id=191"},"modified":"2023-09-06T18:12:35","modified_gmt":"2023-09-06T18:12:35","slug":"filip-tirpak","status":"publish","type":"page","link":"https:\/\/cafnrfaculty.missouri.edu\/sutovskylab\/filip-tirpak\/","title":{"rendered":"Filip Tirpak"},"content":{"rendered":"<h3>Postdoctoral Fellow<\/h3>\n<p><strong>Education<\/strong><\/p>\n<p>MS &amp; PhD in Animal Science, Slovak Agricultural University, Nitra<\/p>\n<p><strong>Awards\u00a0<\/strong><\/p>\n<p>National Scholarship Program of the Slovak Republic 2019<\/p>\n<p><strong>Publications<\/strong><\/p>\n<p>Trace elements content in semen and their interactions with sperm quality and RedOx status in freshwater fish Cyprinus carpio: A correlation study. Kovacik A, Tirpak F, Tomka M, Miskeje M, Tvrda E, Arvay J, Andreji J, Slanina T, Gabor M, Hleba L, Fik M, Jambor T, Cisarova M, Massanyi P. J Trace Elem Med Biol. 2018 Dec;50:399-407. doi: 10.1016\/j.jtemb.2018.08.005. Epub 2018 Aug 23.<br \/>\nPMID: 30262311<\/p>\n<p>Caffeine strongly improves motility parameters of turkey spermatozoa with no effect on cell viability. Slanina T, Mi\u0161keje M, Tirp\u00e1k F, B?aszczyk M, Formicki G, Mass\u00e1nyi P. Acta Vet Hung. 2018 Mar;66(1):137-150. doi: 10.1556\/004.2018.013.<br \/>\nPMID: 29580077<\/p>\n<p>Exposure to non-ionizing electromagnetic radiation of public risk prevention instruments threatens the quality of spermatozoids.<br \/>\nTirpak F, Slanina T, Tomka M, Zidek R, Halo M Jr, Ivanic P, Gren A, Formicki G, Stachanczyk K, Lukac N, Massanyi P.<br \/>\nReprod Domest Anim. 2019 Feb;54(2):150-159. doi: 10.1111\/rda.13338. Epub 2018 Sep 29.<br \/>\nPMID:30192989<\/p>\n<p>&nbsp;<\/p>\n<p>&nbsp;<\/p>\n<p>&nbsp;<\/p>\n<p>&nbsp;<\/p>\n<p>&nbsp;<\/p>\n<p>&nbsp;<\/p>\n<p>&nbsp;<\/p>\n<p>&nbsp;<\/p>\n<p>&nbsp;<\/p>\n<p>&nbsp;<\/p>\n<p>&nbsp;<\/p>\n<p>&nbsp;<\/p>\n<p>&nbsp;<\/p>\n<p>&nbsp;<\/p>\n<p>&nbsp;<\/p>\n<p>&nbsp;<\/p>\n<p>&nbsp;<\/p>\n<p>&nbsp;<\/p>\n<p>&nbsp;<\/p>\n<p>&nbsp;<\/p>\n<p>&nbsp;<\/p>\n<p>&nbsp;<\/p>\n<p>&nbsp;<\/p>\n<p>&#8230;.<\/p>\n<p>&nbsp;<\/p>\n","protected":false},"excerpt":{"rendered":"<p>Postdoctoral Fellow Education MS &amp; PhD in Animal Science, Slovak Agricultural University, Nitra Awards\u00a0 National Scholarship Program of the Slovak Republic 2019 Publications Trace elements content in semen and their interactions with sperm quality and RedOx status in freshwater fish Cyprinus carpio: A correlation study. Kovacik A, Tirpak F, Tomka M, Miskeje M, Tvrda E, [&hellip;]<\/p>\n","protected":false},"author":23,"featured_media":187,"parent":0,"menu_order":0,"comment_status":"closed","ping_status":"closed","template":"","meta":{"footnotes":""},"class_list":["post-191","page","type-page","status-publish","has-post-thumbnail","hentry"],"_links":{"self":[{"href":"https:\/\/cafnrfaculty.missouri.edu\/sutovskylab\/wp-json\/wp\/v2\/pages\/191","targetHints":{"allow":["GET"]}}],"collection":[{"href":"https:\/\/cafnrfaculty.missouri.edu\/sutovskylab\/wp-json\/wp\/v2\/pages"}],"about":[{"href":"https:\/\/cafnrfaculty.missouri.edu\/sutovskylab\/wp-json\/wp\/v2\/types\/page"}],"author":[{"embeddable":true,"href":"https:\/\/cafnrfaculty.missouri.edu\/sutovskylab\/wp-json\/wp\/v2\/users\/23"}],"replies":[{"embeddable":true,"href":"https:\/\/cafnrfaculty.missouri.edu\/sutovskylab\/wp-json\/wp\/v2\/comments?post=191"}],"version-history":[{"count":9,"href":"https:\/\/cafnrfaculty.missouri.edu\/sutovskylab\/wp-json\/wp\/v2\/pages\/191\/revisions"}],"predecessor-version":[{"id":498,"href":"https:\/\/cafnrfaculty.missouri.edu\/sutovskylab\/wp-json\/wp\/v2\/pages\/191\/revisions\/498"}],"wp:featuredmedia":[{"embeddable":true,"href":"https:\/\/cafnrfaculty.missouri.edu\/sutovskylab\/wp-json\/wp\/v2\/media\/187"}],"wp:attachment":[{"href":"https:\/\/cafnrfaculty.missouri.edu\/sutovskylab\/wp-json\/wp\/v2\/media?parent=191"}],"curies":[{"name":"wp","href":"https:\/\/api.w.org\/{rel}","templated":true}]}}