{"id":203,"date":"2019-03-12T19:10:22","date_gmt":"2019-03-12T19:10:22","guid":{"rendered":"https:\/\/cafnrfaculty.missouri.edu\/sutovskylab\/?page_id=203"},"modified":"2019-03-13T17:56:03","modified_gmt":"2019-03-13T17:56:03","slug":"seda-ocakli","status":"publish","type":"page","link":"https:\/\/cafnrfaculty.missouri.edu\/sutovskylab\/seda-ocakli\/","title":{"rendered":"Seda Ocakli"},"content":{"rendered":"<p><strong><u>Education:<\/u><\/strong><\/p>\n<p><strong>B.S.<\/strong>\u00a0in\u00a0<strong>Biology<\/strong><strong>, <\/strong>2000<strong>&#8211; <\/strong>2004; Gaziosmanpasa University in Tokat, Turkey<\/p>\n<p><strong>M.S.<\/strong>\u00a0in\u00a0<strong>Histology and Embryology, <\/strong>2013; Gaziosmanpasa University, Faculty of Medicine, Tokat, Turkey<\/p>\n<p><strong>PhD<\/strong>\u00a0in\u00a0<strong>Histology and Embryology<\/strong> 2014- \u2026; Yildirim Beyazit University, Faculty of Medicine, Ankara, Turkey<\/p>\n<p>&nbsp;<\/p>\n<p><strong><u>Positions and Employment:<\/u><\/strong><\/p>\n<p><strong>Biolog \/Lab assistant<\/strong>\u00a02004-2008; Genetic Diseases and Prenatal Diagnosis Center, Hospital of Cag, Ankara, Turkey<\/p>\n<p><strong>Research Assistant <\/strong><strong>2011-\u2026; <\/strong>Gaziosmanpasa University, Faculty of Medicine, Turkey<\/p>\n<p><strong>Research Assistant<\/strong>\u00a0\u00a0 2018- ; University of Missouri, Columbia, MO<\/p>\n<p><strong><u>Other Experience and Professional Memberships:<\/u><\/strong><\/p>\n<p><strong>European Society of Human Reproduction and Embryology<\/strong><\/p>\n<p>Turkish Society of Histology and Embryology<\/p>\n<p>&nbsp;<\/p>\n<p><strong><u>Publications:<\/u><\/strong><\/p>\n<p>\u00d6zsoy AZ, \u00c7ayli S, \u015eahin C, <strong>Ocakli S<\/strong>, \u00d6zdemir T, Deliba\u015f \u0130B (2018).\u00a0 Altered expression of p97\/Valosin containing protein and impaired autophagy in preeclamptic human placenta.\u00a0 Placenta, 67, 45-53., Doi: 10.1016\/j.placenta.2018.05.013<\/p>\n<p>Balci Y\u00fcce H, Akbulut N ,<strong>Ocakli S<\/strong>, Kayir \u00d6, Elmasta\u015f M (2017).\u00a0 The effect of commercial conjugated linoleic acid products on experimental periodontitis and diabetes mellitus in Wistar rats.\u00a0 Acta Odontologica Scandinavica, 75(1), 21-29., Doi: 10.1080\/00016357.2016.1244355<\/p>\n<p>Ko\u00e7 S, \u00c7ayli S, Aksakal C, <strong>Ocakli S<\/strong>, Soyali\u00e7 H,Somuk BT,Y\u00fcce S (2016).\u00a0 Protective effects of melatonin and selenium against apoptosis of olfactory sensory neurons: A rat model study.\u00a0 American Journal of Rhinology Allergy, 30(3), 62-6., Doi: 10.2500\/ajra.2016.30.4313<\/p>\n<p>\u00c7ayli S, <strong>Ocakli S<\/strong>, \u015eenel U, Karaca Zi, Erdemir F, Deliba\u015fi T (2016).\u00a0 Role of an endothelin type A receptor antagonist in regulating torsion induced testicular apoptosis in rats.\u00a0 Histology and Histopathology, 31(5), 585-594., Doi: 10.14670\/HH-11-698<\/p>\n<p>Balci Y\u00fcce H, Karata\u015f \u00d6, Aydemir Turkal H, Pirim G\u00f6rg\u00fcn E, <strong>Ocakli S<\/strong>, Benli \u0130,\u00c7ayli S (2016).\u00a0 The Effect of Melatonin on Bone Loss Diabetic Control and Apoptosis in Rats with Diabetes with Ligature Induced Periodontitis. Journal of Periodontology, 87(4), 35-43., Doi: 10.1902\/jop.2015.150315<\/p>\n<p>\u00c7ayli S, <strong>Ocakli S<\/strong>, \u015eenel U, Eyerci N, Deliba\u015fi T (2016).\u00a0 Role of p97 Valosin containing protein VCP and Jab1 CSN5 in testicular ischaemia reperfusion injury.\u00a0 Journal of Molecular Histology, 47(1), 91-100., Doi: 10.1007\/s10735-016-9652-9<\/p>\n<p>Ortak H, \u00c7ayli S, <strong>Ocakli S<\/strong>, S\u00f6\u011f\u00fct E, Ekici F,Ta\u015f U, Demir S (2013).\u00a0 Age-related changes of aquaporin expression patterns in the postnatal rat retina.\u00a0 Acta Histochemica, 115(4), 382-388., Doi: 10.1016\/j.acthis.2012.09.013<\/p>\n<p>Ortak H, \u00c7ayli S, <strong>Ocakli S,<\/strong> Demir S (2013).\u00a0 Increased Expression of Aquaporin-1 and Aquaporin-3 in Pterygium.\u00a0 Cornea, 32(10), 1375-1379., Doi: 10.1097\/ICO.0b013e31829b6d2a<\/p>\n<p>\u00c7ayli S, Erdemir F,<strong>Ocakli S<\/strong>,\u00dcng\u00f6r B, Kesici H,Yener T, Aslan H (2012).\u00a0 Interaction Between Smad1 and p97\/VCP in Rat Testis and Epididymis During the Postnatal Development.\u00a0 Reproductive Sciences, 19(2), 190-201., Doi: 10.1177\/1933719111417886<\/p>\n<p>Ortak H, \u00c7ayli S, Ta\u015f U,<strong>Ocakli S<\/strong>, S\u00f6\u011f\u00fct E, Deniz Demir H (2012).\u00a0 Expression of p97\/VCP and ubiquitin during postnatal development of the degenerating rat retina.\u00a0 Journal of Molecular Histology, 43(1), 17-25., Doi: 10.1007\/s10735-011-9374<\/p>\n<p>\u00c7ayli S, Demirt\u00fcrk F, <strong>Ocakli S,<\/strong> Aytan H, \u00c7ali\u015fkan Ac,\u00c7im\u015fir H (2011).\u00a0 Altered expression of COP9 signalosome proteins in preeclampsia.\u00a0 Gynecological Endocrinology, 28(6), 488-491., Doi: 10.3109\/09513590.2011.633664<\/p>\n<table width=\"672\">\n<tbody>\n<tr>\n<td width=\"601\">\u00c7ayli S,<strong>Ocakli S,<\/strong> Erdemir F, Ta\u015f U, Aslan H, Yener T, Karaca ZI (2011).\u00a0 Developmental expression of p97\/VCP (Valosin-containing protein) and Jab1\/CSN5 in the rat testis and epididymis.\u00a0 Reproductive Biology and Endocrinology, 9(1), 117, Doi: 10.1186\/1477-7827-9-117<\/td>\n<td width=\"0\"><\/td>\n<\/tr>\n<\/tbody>\n<\/table>\n<p>&nbsp;<\/p>\n","protected":false},"excerpt":{"rendered":"<p>Education: B.S.\u00a0in\u00a0Biology, 2000&#8211; 2004; Gaziosmanpasa University in Tokat, Turkey M.S.\u00a0in\u00a0Histology and Embryology, 2013; Gaziosmanpasa University, Faculty of Medicine, Tokat, Turkey PhD\u00a0in\u00a0Histology and Embryology 2014- \u2026; Yildirim Beyazit University, Faculty of Medicine, Ankara, Turkey &nbsp; Positions and Employment: Biolog \/Lab assistant\u00a02004-2008; Genetic Diseases and Prenatal Diagnosis Center, Hospital of Cag, Ankara, Turkey Research Assistant 2011-\u2026; Gaziosmanpasa [&hellip;]<\/p>\n","protected":false},"author":23,"featured_media":204,"parent":0,"menu_order":0,"comment_status":"closed","ping_status":"closed","template":"","meta":{"footnotes":""},"class_list":["post-203","page","type-page","status-publish","has-post-thumbnail","hentry"],"_links":{"self":[{"href":"https:\/\/cafnrfaculty.missouri.edu\/sutovskylab\/wp-json\/wp\/v2\/pages\/203","targetHints":{"allow":["GET"]}}],"collection":[{"href":"https:\/\/cafnrfaculty.missouri.edu\/sutovskylab\/wp-json\/wp\/v2\/pages"}],"about":[{"href":"https:\/\/cafnrfaculty.missouri.edu\/sutovskylab\/wp-json\/wp\/v2\/types\/page"}],"author":[{"embeddable":true,"href":"https:\/\/cafnrfaculty.missouri.edu\/sutovskylab\/wp-json\/wp\/v2\/users\/23"}],"replies":[{"embeddable":true,"href":"https:\/\/cafnrfaculty.missouri.edu\/sutovskylab\/wp-json\/wp\/v2\/comments?post=203"}],"version-history":[{"count":3,"href":"https:\/\/cafnrfaculty.missouri.edu\/sutovskylab\/wp-json\/wp\/v2\/pages\/203\/revisions"}],"predecessor-version":[{"id":214,"href":"https:\/\/cafnrfaculty.missouri.edu\/sutovskylab\/wp-json\/wp\/v2\/pages\/203\/revisions\/214"}],"wp:featuredmedia":[{"embeddable":true,"href":"https:\/\/cafnrfaculty.missouri.edu\/sutovskylab\/wp-json\/wp\/v2\/media\/204"}],"wp:attachment":[{"href":"https:\/\/cafnrfaculty.missouri.edu\/sutovskylab\/wp-json\/wp\/v2\/media?parent=203"}],"curies":[{"name":"wp","href":"https:\/\/api.w.org\/{rel}","templated":true}]}}