{"id":252,"date":"2019-05-16T18:39:38","date_gmt":"2019-05-16T18:39:38","guid":{"rendered":"https:\/\/cafnrfaculty.missouri.edu\/sutovskylab\/?page_id=252"},"modified":"2019-05-16T18:39:38","modified_gmt":"2019-05-16T18:39:38","slug":"clio-maicas","status":"publish","type":"page","link":"https:\/\/cafnrfaculty.missouri.edu\/sutovskylab\/clio-maicas\/","title":{"rendered":"Clio Maicas"},"content":{"rendered":"<p><u>Education<\/u><\/p>\n<p>Degree in Veterinary Science (LV) \u2013 University of Zaragoza, Spain<\/p>\n<p>USC Master\u2019s degree in Dairy Production \u2013 University of Santiago de Compostela, Spain<\/p>\n<p>MSc Biology and Technology of Reproduction \u2013 University of Murcia, Spain<\/p>\n<p><strong>PhD candidate<\/strong>, Reproductive Biology \u2013 University College Dublin &#8211; Teagasc Walsh Fellowship, Ireland<\/p>\n<p><em>\u00a0<\/em><\/p>\n<p><u>Full length peer-reviewed papers<\/u>:<\/p>\n<p>Passaro C, Tutt D, Bages-Arnal S, <strong>Maicas C<\/strong>, Laguna-Barraza R, Gutierrez-Adan A, Brown JA, Rath D, Behura SK, Spencer TE, Fair T, Lonergan P. (2019). \u201cGlobal transcriptomic response of bovine endometrium to blastocyst stage embryos\u201d. [Under review]<\/p>\n<p><strong>\u00a0<\/strong><strong>Maicas C<\/strong>, Hutchinson IA, Kenneally J, Grant J, Cromie AR, Lonergan P, and Butler ST. (2019).\u201cFertility of fresh and frozen sexed semen in dairy cows and heifers in seasonal-calving pasture-based herds.\u201d [Under review]<\/p>\n<p><strong>\u00a0<\/strong><strong>Maicas C<\/strong>, Cromie AR, Moreno JF, Vishwanath R, Maia E, Lonergan P, and Butler ST. \u201cFertility of frozen sexed semen at 4 million sperm per dose in lactating dairy cows in seasonal-calving pasture-based herds.\u201d [In preparation]<\/p>\n<p><strong>\u00a0<\/strong><strong>Maicas C<\/strong>, Cromie, AR, Lonergan P, and Butler ST. \u201cPostnatal mortality of calves and milk and reproductive performance of heifers derived from fresh and frozen sexed semen in a pasture-based system.\u201d [In preparation]<\/p>\n<p><strong>\u00a0<\/strong><strong>Maicas C<\/strong>, (other authors TBD), Butler ST, Lonergan P. \u201cAssessment of sperm function and development of bovine embryos produced <em>in vitro<\/em> using conventional and sexed semen of bulls of different field fertility.\u201d [In preparation]<\/p>\n<p><u>Peer-reviewed conference abstracts<\/u><\/p>\n<p><strong>Maicas C<\/strong>, Guill\u00e9n-Mart\u00ednez A, Acu\u00f1a OS, Albors OL, Avil\u00e9s M. (2016). \u201cExpression of aldose reductase gene (AKR1B1) in the porcine uterus and oviduct.\u201d 18th International Congress on Animal Reproduction (ICAR). 26-30 June. Tours, France. [Poster]<\/p>\n<p><strong>\u00a0<\/strong><strong>Maicas C<\/strong>, Passaro C, Byrne CJ, Butler ST, Lonergan P. (2018). \u201cSperm DNA fragmentation and kinetics of development of bovine embryos produced <em>in vitro<\/em> using bulls of different field fertility.\u201d Proceedings of the International Bull Fertility Conference (p 331). 27-30 May. Westport, Ireland. [Poster]<\/p>\n<p>Bag\u00e9s-Arnal S, Fern\u00e1ndez-Fuertes B, Passaro C, <strong>Maicas C<\/strong>, McDonald M, Byrne CJ, Martins, T, Kelly AK, Kenny DA, Fair T, Lonergan P. (2019). \u201cEffect of early life nutrition on endometrial gland development and endometrial gene expression in heifers.\u201d Reproduction Fertility and Development31 (1):147. IETS 45<sup>th<\/sup> Annual Conference, January 20-23, New Orleans, USA, Abstract 43. [Poster]<\/p>\n<p><strong>\u00a0<\/strong><strong>Maicas C<\/strong>, Hutchinson I, Kenneally J, Grant J, Cromie A, Moreno J, Vishwanath R, Maia E, Lonergan P, Butler ST. (2019). \u201cFertility of fresh and frozen sex-sorted semen in dairy cows and heifers in seasonal-calving pasture-based herds.\u201d Annual Meeting of the American Dairy Science Association (ADSA), Cincinnati, OH, USA, 23-26 June 2019. [Abstract accepted, it will be presented as oral communication]<\/p>\n<p><strong>\u00a0<\/strong><strong>Maicas C<\/strong>, Holden S, Drake D, Cromie A, Lonergan P, Butler ST. (2019). \u201cFertility of frozen sex-sorted semen at 4 x 10<sup>6<\/sup> sperm per dose in lactating dairy cows in seasonal-calving pasture-based herds.\u201d Annual Meeting of the American Dairy Science Association (ADSA), Cincinnati, OH, USA, 23-26 June 2019. [Abstract accepted, it will be presented as oral communication]<\/p>\n<p><u>\u00a0<\/u><\/p>\n","protected":false},"excerpt":{"rendered":"<p>Education Degree in Veterinary Science (LV) \u2013 University of Zaragoza, Spain USC Master\u2019s degree in Dairy Production \u2013 University of Santiago de Compostela, Spain MSc Biology and Technology of Reproduction \u2013 University of Murcia, Spain PhD candidate, Reproductive Biology \u2013 University College Dublin &#8211; Teagasc Walsh Fellowship, Ireland \u00a0 Full length peer-reviewed papers: Passaro C, [&hellip;]<\/p>\n","protected":false},"author":23,"featured_media":253,"parent":0,"menu_order":0,"comment_status":"closed","ping_status":"closed","template":"","meta":{"footnotes":""},"class_list":["post-252","page","type-page","status-publish","has-post-thumbnail","hentry"],"_links":{"self":[{"href":"https:\/\/cafnrfaculty.missouri.edu\/sutovskylab\/wp-json\/wp\/v2\/pages\/252","targetHints":{"allow":["GET"]}}],"collection":[{"href":"https:\/\/cafnrfaculty.missouri.edu\/sutovskylab\/wp-json\/wp\/v2\/pages"}],"about":[{"href":"https:\/\/cafnrfaculty.missouri.edu\/sutovskylab\/wp-json\/wp\/v2\/types\/page"}],"author":[{"embeddable":true,"href":"https:\/\/cafnrfaculty.missouri.edu\/sutovskylab\/wp-json\/wp\/v2\/users\/23"}],"replies":[{"embeddable":true,"href":"https:\/\/cafnrfaculty.missouri.edu\/sutovskylab\/wp-json\/wp\/v2\/comments?post=252"}],"version-history":[{"count":2,"href":"https:\/\/cafnrfaculty.missouri.edu\/sutovskylab\/wp-json\/wp\/v2\/pages\/252\/revisions"}],"predecessor-version":[{"id":256,"href":"https:\/\/cafnrfaculty.missouri.edu\/sutovskylab\/wp-json\/wp\/v2\/pages\/252\/revisions\/256"}],"wp:featuredmedia":[{"embeddable":true,"href":"https:\/\/cafnrfaculty.missouri.edu\/sutovskylab\/wp-json\/wp\/v2\/media\/253"}],"wp:attachment":[{"href":"https:\/\/cafnrfaculty.missouri.edu\/sutovskylab\/wp-json\/wp\/v2\/media?parent=252"}],"curies":[{"name":"wp","href":"https:\/\/api.w.org\/{rel}","templated":true}]}}