{"id":439,"date":"2021-09-13T13:54:42","date_gmt":"2021-09-13T13:54:42","guid":{"rendered":"https:\/\/cafnrfaculty.missouri.edu\/sutovskylab\/?page_id=439"},"modified":"2021-09-13T15:01:49","modified_gmt":"2021-09-13T15:01:49","slug":"edgar-miranda","status":"publish","type":"page","link":"https:\/\/cafnrfaculty.missouri.edu\/sutovskylab\/edgar-miranda\/","title":{"rendered":"Edgar Andr\u00e9s D\u00edaz Miranda"},"content":{"rendered":"<h4><\/h4>\n<h4><strong>Visiting Scholar &#8211; University of Vi\u00e7osa, Brazil<\/strong><\/h4>\n<p>&nbsp;<\/p>\n<p><strong>Education<\/strong><\/p>\n<p>B.S. in Veterinary Medicine and Animal Science, Universidad de Cordoba, Colombia, 2012.<br \/>\nSpc in Tropical Animal Science, Universidad de Cordoba, Colombia, 2013.<br \/>\nM.Sc. in Veterinary Medicine, Universidade Federal de Vi\u00e7osa, Brazil, 2018.<br \/>\nPh.D. in Veterinary Medicine, Universidade Federal de Vi\u00e7osa, Brazil, 2018-Present.<\/p>\n<p><strong>Awards<\/strong><\/p>\n<p>CAPES Foundation PhD Fellowship, Ministry of Education of Brazil, 2021-2022.<br \/>\nFull-Ride M.Sc. Scholarship from CNPq., 2016-2018.<\/p>\n<p><strong>Publications<\/strong><\/p>\n<p>Caldeira JLA, Faria ACS, Diaz-Miranda EA, Zilch TJ, da Costa Caliman SL, Okano DS,<br \/>\nGuimar\u00e3es JD, Pena JL, Barbosa WF, Junior AS, Chang YF, Moreira MAS. Interaction of<br \/>\nMycobacterium avium subsp. paratuberculosis with bovine sperm. Theriogenology 161, 228-<br \/>\n236, 2020.<\/p>\n<p>D\u00edaz-Miranda EA, Maitan PP, Machado TP, Camilo BS, Lima DA, Okano DS, Penitente-Filho<br \/>\nJM, Machado-Neves M, Oliveira LL, Guimar\u00e3es SEF, Costa EP, Guimar\u00e3es JD. Disruption of<br \/>\nbovine sperm functions in the presence of aplastic midpiece defect. Andrology 8, 201-210,<br \/>\n2020.<\/p>\n<p>Okano DS, Penitente-Filho JM, Le\u00f3n VEG, Maitan PP, Silveira CO, Waddington B, D\u00edazMiranda EA, Costa EP, Guimar\u00e3es SEF, Guimar\u00e3es JD. In vitro evaluation of cryopreserved<br \/>\nbovine sperm and its relation to field fertility in fixed-time artificial insemination. Reproduction<br \/>\nin Domestic Animals, 54, 604-612. 2019.<\/p>\n<p>D\u00edaz-Miranda EA, Machado TP, Penitente-Filho JM, Okano DS, Maitan PP, Neves MM,<br \/>\nGuimaraes SEF, Guimaraes JD. Midpiece of Bovine Spermatozoa: Functions and<br \/>\nAbnormalities. Revista Brasileira de Reprodu\u00e7\u00e3o Animal 42, 30-35, 2018.<\/p>\n<p>Penitente-Filho JM, Villadiego FAC, Silva FFE, Camilo BS, Le\u00f3n VG, Peixoto T, D\u00edaz E,<br \/>\nOkano D, Maitan P, Lima D, Guimar\u00e3es SF, Siqueira JB, Pinho R, Guimar\u00e3es JD. Can scrotal<br \/>\ncircumference-based selection discard bulls with good productive and reproductive potential?.<br \/>\nPLoS One 13, e0193103, 2018<\/p>\n","protected":false},"excerpt":{"rendered":"<p>Visiting Scholar &#8211; University of Vi\u00e7osa, Brazil &nbsp; Education B.S. in Veterinary Medicine and Animal Science, Universidad de Cordoba, Colombia, 2012. Spc in Tropical Animal Science, Universidad de Cordoba, Colombia, 2013. M.Sc. in Veterinary Medicine, Universidade Federal de Vi\u00e7osa, Brazil, 2018. Ph.D. in Veterinary Medicine, Universidade Federal de Vi\u00e7osa, Brazil, 2018-Present. Awards CAPES Foundation PhD [&hellip;]<\/p>\n","protected":false},"author":23,"featured_media":444,"parent":0,"menu_order":0,"comment_status":"closed","ping_status":"closed","template":"","meta":{"footnotes":""},"class_list":["post-439","page","type-page","status-publish","has-post-thumbnail","hentry"],"_links":{"self":[{"href":"https:\/\/cafnrfaculty.missouri.edu\/sutovskylab\/wp-json\/wp\/v2\/pages\/439","targetHints":{"allow":["GET"]}}],"collection":[{"href":"https:\/\/cafnrfaculty.missouri.edu\/sutovskylab\/wp-json\/wp\/v2\/pages"}],"about":[{"href":"https:\/\/cafnrfaculty.missouri.edu\/sutovskylab\/wp-json\/wp\/v2\/types\/page"}],"author":[{"embeddable":true,"href":"https:\/\/cafnrfaculty.missouri.edu\/sutovskylab\/wp-json\/wp\/v2\/users\/23"}],"replies":[{"embeddable":true,"href":"https:\/\/cafnrfaculty.missouri.edu\/sutovskylab\/wp-json\/wp\/v2\/comments?post=439"}],"version-history":[{"count":13,"href":"https:\/\/cafnrfaculty.missouri.edu\/sutovskylab\/wp-json\/wp\/v2\/pages\/439\/revisions"}],"predecessor-version":[{"id":459,"href":"https:\/\/cafnrfaculty.missouri.edu\/sutovskylab\/wp-json\/wp\/v2\/pages\/439\/revisions\/459"}],"wp:featuredmedia":[{"embeddable":true,"href":"https:\/\/cafnrfaculty.missouri.edu\/sutovskylab\/wp-json\/wp\/v2\/media\/444"}],"wp:attachment":[{"href":"https:\/\/cafnrfaculty.missouri.edu\/sutovskylab\/wp-json\/wp\/v2\/media?parent=439"}],"curies":[{"name":"wp","href":"https:\/\/api.w.org\/{rel}","templated":true}]}}