{"id":460,"date":"2022-04-27T18:08:08","date_gmt":"2022-04-27T18:08:08","guid":{"rendered":"https:\/\/cafnrfaculty.missouri.edu\/sutovskylab\/?page_id=460"},"modified":"2022-04-27T18:14:11","modified_gmt":"2022-04-27T18:14:11","slug":"mayra-elena-ortiz-davila-de-assumpcao","status":"publish","type":"page","link":"https:\/\/cafnrfaculty.missouri.edu\/sutovskylab\/mayra-elena-ortiz-davila-de-assumpcao\/","title":{"rendered":"Mayra Elena Ortiz D&#8217;Avila De Assump\u00e7\u00e3o"},"content":{"rendered":"<h1><strong>Visiting Professor<\/strong><\/h1>\n<h4><strong>Associate Professor University of S\u00e3o Paulo<\/strong><\/h4>\n<p>&nbsp;<\/p>\n<p><strong>Education &amp; Positions<\/strong><\/p>\n<p>2012 Associate Professor, University of S\u00e3o Paulo<br \/>\n2009-2010 Post-Doctoral Fellow, University of Zaragoza<br \/>\n1999-2001 PhD in Animal Reproduction, University of S\u00e3o Paulo<br \/>\n1997-1999 Master\u2019s in Animal Reproduction, University of S\u00e3o Paulo<br \/>\n1990-1994 Degree in Veterinary Medicine, University of S\u00e3o Paulo<\/p>\n<p><strong>Selected Publications<\/strong><\/p>\n<p>Antioxidant Effect of a Polyphenol-Rich Murtilla (Ugni molinae Turcz.) Extract and Its Effect on the Regulation of Metabolism in Refrigerated Boar Sperm, I Jofr\u00e9, M Cuevas, LS de Castro, JDA Losano, MA Torres, M Alvear, E Scheuermann, AFC Andrade, M Nichi, MEOA Assump\u00e7\u00e3o, F Romero, Oxidative Medicine and Cellular Longevity 2019.<\/p>\n<p>Detection of protamine 2 in bovine spermatozoa and testicles. TRS Hamilton, R Sim\u00f5es, CM Mendes, MD Goissis, E Nakajima, EAL Martins, JA Visintin, MEOA Assump\u00e7\u00e3o. Andrology 7 (3),<br \/>\n373-381, 2019<\/p>\n<p>Sperm traits on in vitro production (IVP) of bovine embryos: too much of anything is good for nothing. Siqueira AFP, Castro LS, Assis PM, Bicudo LC, Mendes CM, Nichi M, Visintin JA,<br \/>\nAssump\u00e7\u00e3o MEOA. PlosOne 13 (7), e0200273, 2018.<\/p>\n<p>Induced lipid peroxidation in ram sperm: semen profile, DNA fragmentation and antioxidant status. TRS Hamilton, LS Castro, JC Delgado, PM Assis, AFP Siqueira, CM Mendes, MD Goissis,<br \/>\nMT Mui\u00f1o-Blanco, J\u00c1 Cebri\u00e1n-P\u00e9rez, M Nichi, JA Visintin, MEO\u00c1 Assump\u00e7\u00e3o. Reproduction 151 (4), 379-390, 2016<\/p>\n<p>Sperm cryodamage occurs after rapid freezing phase: flow cytometry approach and antioxidant enzymes activity at different stages of cryopreservation. LS Castro, TRS Hamilton, CM Mendes, M<br \/>\nNichi, VH Barnabe, JA Visintin, MEOA Assump\u00e7\u00e3o. Journal of animal science and biotechnology 7, 7-17, 2016<\/p>\n<p>Evaluation of Lasting Effects of Heat Stress on Sperm Profile and Oxidative Status of Ram Semen and Epididymal Sperm. TRS Hamilton, CM Mendes, LS Castro, PM Assis, AFP Siqueira, JC Delgado, MD Goissis, MT Mui\u00f1o-Blanco, J\u00c1 Cebri\u00e1n-P\u00e9rez, M Nichi, JA Visintin, MEO A Assump\u00e7\u00e3o. Oxidative Medicine and Cellular Longevity, 1-12, 2016<\/p>\n<p>Sperm oxidative stress is detrimental to embryo development: a dose-dependent study model and a new and more sensitive oxidative status evaluation. LS de Castro, PM de Assis, AFP Siqueira,<br \/>\nTRS Hamilton, CM Mendes, JDA Losano, M Nichi, JA Visintin, MEOA Assump\u00e7\u00e3o. Oxidative Medicine and Cellular Longevity, 1-12, 2016<\/p>\n<p>Early cleavages influence the molecular and the metabolic pattern of individually cultured bovine blastocysts. MP Milazzotto, MD Goissis, JL Chitwood, K Annes, CA Soares, J Ispada, MEOA<br \/>\nAssump\u00e7\u00e3o, PJ Ross. Molecular Reproduction and Development (83), 324-336, 2016.<\/p>\n<p>Influence of bovine sperm DNA fragmentation and oxidative stress on early embryo in vitro development outcome. R Sim\u00f5es, WB Feitosa, AFP Siqueira, M Nichi, FF Paula-Lopes, MG Marques,<br \/>\nMA Peres, VH Barnabe, JA Visintin, MEOA Assump\u00e7\u00e3o Reproduction 146 (5), 433-44, 2013<\/p>\n<p>Use of chromomycin A3 staining in bovine sperm cells for detection of protamine deficiency. R Sim\u00f5es, WB Feitosa, CM Mendes, MG Marques, AC Nicacio, FRO de Barros, JA Visintin, MEOA<br \/>\nAssump\u00e7\u00e3o. Biotechnic &amp; Histochemistry (84), 79-83, 2009.<\/p>\n","protected":false},"excerpt":{"rendered":"<p>Visiting Professor Associate Professor University of S\u00e3o Paulo &nbsp; Education &amp; Positions 2012 Associate Professor, University of S\u00e3o Paulo 2009-2010 Post-Doctoral Fellow, University of Zaragoza 1999-2001 PhD in Animal Reproduction, University of S\u00e3o Paulo 1997-1999 Master\u2019s in Animal Reproduction, University of S\u00e3o Paulo 1990-1994 Degree in Veterinary Medicine, University of S\u00e3o Paulo Selected Publications Antioxidant [&hellip;]<\/p>\n","protected":false},"author":23,"featured_media":463,"parent":0,"menu_order":0,"comment_status":"closed","ping_status":"closed","template":"","meta":{"footnotes":""},"class_list":["post-460","page","type-page","status-publish","has-post-thumbnail","hentry"],"_links":{"self":[{"href":"https:\/\/cafnrfaculty.missouri.edu\/sutovskylab\/wp-json\/wp\/v2\/pages\/460","targetHints":{"allow":["GET"]}}],"collection":[{"href":"https:\/\/cafnrfaculty.missouri.edu\/sutovskylab\/wp-json\/wp\/v2\/pages"}],"about":[{"href":"https:\/\/cafnrfaculty.missouri.edu\/sutovskylab\/wp-json\/wp\/v2\/types\/page"}],"author":[{"embeddable":true,"href":"https:\/\/cafnrfaculty.missouri.edu\/sutovskylab\/wp-json\/wp\/v2\/users\/23"}],"replies":[{"embeddable":true,"href":"https:\/\/cafnrfaculty.missouri.edu\/sutovskylab\/wp-json\/wp\/v2\/comments?post=460"}],"version-history":[{"count":10,"href":"https:\/\/cafnrfaculty.missouri.edu\/sutovskylab\/wp-json\/wp\/v2\/pages\/460\/revisions"}],"predecessor-version":[{"id":474,"href":"https:\/\/cafnrfaculty.missouri.edu\/sutovskylab\/wp-json\/wp\/v2\/pages\/460\/revisions\/474"}],"wp:featuredmedia":[{"embeddable":true,"href":"https:\/\/cafnrfaculty.missouri.edu\/sutovskylab\/wp-json\/wp\/v2\/media\/463"}],"wp:attachment":[{"href":"https:\/\/cafnrfaculty.missouri.edu\/sutovskylab\/wp-json\/wp\/v2\/media?parent=460"}],"curies":[{"name":"wp","href":"https:\/\/api.w.org\/{rel}","templated":true}]}}