{"id":91,"date":"2018-11-07T15:48:19","date_gmt":"2018-11-07T15:48:19","guid":{"rendered":"https:\/\/cafnrfaculty.missouri.edu\/sutovskylab\/?page_id=91"},"modified":"2024-08-19T17:00:36","modified_gmt":"2024-08-19T17:00:36","slug":"michal-zigo","status":"publish","type":"page","link":"https:\/\/cafnrfaculty.missouri.edu\/sutovskylab\/michal-zigo\/","title":{"rendered":"Michal Zigo"},"content":{"rendered":"<h3><strong>Assistant Research Professor<\/strong><\/h3>\n<p>&nbsp;<\/p>\n<p><strong>Education &amp; Positions Held<\/strong><\/p>\n<p><strong>B.S.<\/strong> in <strong>Biochemistry<\/strong> 06\/2007; Charles University in Prague, Czech Republic<\/p>\n<p><strong>Graduate student\/Lab assistant<\/strong> 2008-2014; Institute of Biotechnology CAS, v.v.i. in Vestec, Czech Republic<\/p>\n<p><strong>\u00a0<\/strong><strong>M.S.<\/strong> in <strong>Biochemistry<\/strong> 06\/2009; Charles University in Prague, Czech Republic<\/p>\n<p><strong>\u00a0<\/strong><strong>B.B.A.<\/strong> in <strong>Business Administration and Management<\/strong> 06\/2012; University of Economics in Prague<strong>,<\/strong> Czech Republic<\/p>\n<p><strong>M.B.A.<\/strong> in <strong>Business Administration and Management<\/strong> 09\/2014;\u00a0\u00a0\u00a0 University of Economics in Prague<strong>,<\/strong> Czech Republic<\/p>\n<p><strong>PhD<\/strong> in <strong>Biochemistry\/Reproductive biology<\/strong> 11\/2014; Charles University in Prague<\/p>\n<p><strong>Postdoctoral Fellow<\/strong> \u00a0 2014-2019 ; University of Missouri, Columbia, MO<\/p>\n<p><strong>Research Scientist<\/strong>\u00a0 \u00a02020-present; University of Missouri, Columbia, MO<\/p>\n<p>&nbsp;<\/p>\n<p><strong>\u00a0<\/strong><strong><u>Awards &amp; Honors:<\/u><\/strong><\/p>\n<p>2019\u00a0 University of Missouri MU Postdoctoral Association Travel Award.<\/p>\n<p>2018\u00a0\u00a0\u00a0 Larry Ewing Memorial Trainee Travel Award, Presented at 51th Annual Meeting of the Society for Study of Reproduction, 10-13 July 2018 in New Orleans, LA.<\/p>\n<p>2017\u00a0\u00a0\u00a0 University of Missouri Postdoctoral Association Travel Award to attend 50th Annual Meeting of the Society for Study of Reproduction, 13-16 July 2017 in Washington D.C.<\/p>\n<p>2017\u00a0\u00a0\u00a0 Larry Ewing Memorial Trainee Travel Award, Presented at 50th Annual Meeting of the Society for Study of Reproduction, 13-16 July 2017 in Washington D.C.<\/p>\n<p>2017\u00a0\u00a0\u00a0 USDA-NIFA-AFRI Merit Award, Presented at 50th Annual Meeting of the Society for Study of Reproduction, 13-16 July 2017 in Washington D.C.<\/p>\n<p>2016\u00a0\u00a0\u00a0 Larry Ewing Memorial Trainee Travel Award made by the Society for The Study of Reproduction, Presented at 49th Annual Meeting of the Society for Study of Reproduction, 16-20 July 2016 in San Diego, CA.<\/p>\n<p>2016\u00a0\u00a0\u00a0 Zigo M: DNA Fragmentation as a Cause of Infertility, Invited lecture at the 2016 Gateway to Parenthood St. Louis Infertility Awareness, St. Louis 30 April 2016<\/p>\n<p>2015\u00a0\u00a0\u00a0 Nadace \u201cNad\u00e1n\u00ed Josefa, Marie a\u00a0Zde\u0148ky Hl\u00e1vkov\u00fdch\u201d (Hlavkas\u2019 Talent Foundation) travel stipend for moving to Columbia, MO to start my postdoc.<\/p>\n<p>2010\u00a0\u00a0\u00a0 Nadace \u010cesk\u00fd Literarn\u00ed Fond (The Czech Literary Fund Foundation) travel stipend to attend 6th European Congress of Andrology, 29 September &#8211; 1 October 2010 in Athens, Greece.<\/p>\n<p>2010\u00a0\u00a0\u00a0 Nadace \u201cNad\u00e1n\u00ed Josefa, Marie a\u00a0Zde\u0148ky Hl\u00e1vkov\u00fdch\u201d (Hlavkas\u2019 Talent Foundation) travel stipend to attend 6th European Congress of Andrology, 29 September &#8211; 1 October 2010 in Athens, Greece.<\/p>\n<p><strong><u>Peer-reviewed Publications<\/u><\/strong><\/p>\n<p>Chen PR, Lucas CG, Cecil RF, Pfeiffer CA, Fudge MA, Samuel MS, <strong>Zigo M<\/strong>, Seo H, Lee D. Spate LD, Whitworth KM, Sutovsky P, Wells KD, Geisert RD, Prather RS (2021) Disrupting porcine glutaminase does not impair preimplantation development and elongation nor decrease mTORC1 activation.<strong> <em>Biol. Reprod.,<\/em> <\/strong>In press.<\/p>\n<p>Tumova L, <strong>Zigo M<\/strong>, Sutovsky P, Sedmikova M, Postlerova P (2021) Ligands and receptors involved in the sperm-zona pellucida interactions in mammals. <strong><em>Cells,<\/em><\/strong> In press.<\/p>\n<p>Mao J, <strong>Zigo M<\/strong>, Zuidema D, Sutovsky M, and Sutovsky P (2021) NEDD4-like ubiquitin ligase 2 protein (NEDL2) in porcine spermatozoa, oocytes, and preimplantation embryos and its role in oocyte fertilization. <em>Biol. Reprod.,<\/em> 104(1):117-129.<\/p>\n<p>Tumova L, <strong>Zigo M<\/strong>, Sutovsky P, Sedmikova M, Postlerova P (2020) Is the ubiquitin-proteasome system involved in the degradation of porcine beta-microseminoprotein during sperm capacitation? <em>Int. J. Mol. Sci.,<\/em> 21(11):4151.<\/p>\n<p><strong>Zigo M<\/strong>, Ma\u0148\u00e1skov\u00e1-Postlerov\u00e1 P, Zuidema D, Kerns K, Jon\u00e1kov\u00e1 V, T\u016fmov\u00e1 L, Buben\u00ed\u010dkov\u00e1 F, Sutovsky P (2020) Porcine model for the study of sperm capacitation, fertilization and male fertility.<strong> <em>Cell Tissue Res.,<\/em> <\/strong>380(2):237-262.<\/p>\n<p>Hamilton LE, <strong>Zigo M<\/strong>, Mao J, Xu W<sup>3<\/sup>, Sutovsky P<strong>,<\/strong> O\u2019Flaherty C, Oko R (2019) GSTO2 isoforms participate in the oxidative regulation of the plasmalemma in eutherian spermatozoa during capacitation. <strong><em>Antioxidants <\/em><\/strong>8: 601.<\/p>\n<p>Kelsey KM, <strong>Zigo M<\/strong>, Thompson WE, Kerns K, Gaurishankar Manandhar G,\u00a0 Sutovsky M, Sutovsky P (2019) Reciprocal surface expression of arylsulfatase A and ubiquitin in normal and defective mammalian spermatozoa. <em>Cell Tissue Res.,<\/em> 379:561-576.<\/p>\n<p><strong>Zigo M<\/strong>, Manaskova-Postlerova P, Jonakova V, Kerns K, Sutovsky P (2019) Compartmentalization of the proteasome-interacting proteins during sperm capacitation. <em>Sci. Rep. <\/em>9:12583<\/p>\n<p><strong>Zigo M<\/strong>, Jon\u00e1kov\u00e1 V, Ma\u0148\u00e1skov\u00e1-Postlerov\u00e1 P, Kerns K, Sutovsky P (2019) Ubiquitin-proteasome system participates in the de-aggregation of spermadhesins and DQH protein during boar sperm capacitation. Reproduction 157:283-95.<\/p>\n<p>Mordhorst B, Kerns K, Schauflinger M, <strong>Zigo M<\/strong>, Murphy S, Ross R, Wells K, Green J, Sutovsky P, Prather R (2019) Pharmacologic treatment with CPI-613 and PS48 decreases mitochondrial membrane potential and increases quantity of autolysosomes in porcine fibroblasts. <em>Sci. Rep.<\/em> 9:9417.<\/p>\n<p>Sutovsky P, Kerns K, <strong>Zigo M<\/strong>, Zuidema D (2019) Boar semen improvement through sperm capacitation management, with emphasis on zinc ion homeostasis. <em>Theriogenology,<\/em> 137:50-55<\/p>\n<p>Kerns K, <strong>Zigo M<\/strong>, Sutovsky P (2018) Zinc: A Necessary Ion for Mammalian Sperm Fertilization Competency (Review). Int J Mol Sci 19:E4097<\/p>\n<p>Mao J, O\u2019Gorman C, Sutovsky M, <strong>Zigo M<\/strong>, Wells KD, Sutovsky P (2018) Ubiquitin A-52 residue ribosomal protein fusion product 1\u00a0(Uba52) is essential for preimplantation embryo development. Biol Open 7:bio035717<\/p>\n<p>Kerns K, <strong>Zigo M<\/strong>, Drobnis EZ, Sutovsky M, Sutovsky P (2018) Zinc ion flux during mammalian sperm capacitation. <em>Nat Commun<\/em> 9:2061<\/p>\n<p><b><strong>Zigo\u00a0M<\/strong>, Kerns K, Sutovsky M, Sutovsky P (2018) <\/b>Modifications of the 26S proteasome during boar sperm capacitation. <em>Cell Tissue Res<\/em> 372:591-601<\/p>\n<p><strong>Zigo\u00a0M<\/strong>, Dorosh A, Pohlov\u00e1 A, Jon\u00e1kov\u00e1 V, \u0160ulc M, Ma\u0148\u00e1skov\u00e1-Postlerov\u00e1 P (2015) Panel of monoclonal antibodies to sperm surface proteins as a tool for monitoring localization and identification of sperm-zona pellucida receptors. <em>Cell Tissue Res<\/em> 359:895-908<\/p>\n<p><strong>Zigo\u00a0M<\/strong>, Jon\u00e1kov\u00e1 V, \u0160ulc M, Ma\u0148\u00e1skov\u00e1-Postlerov\u00e1 P (2013) Characterization of sperm surface protein patterns of ejaculated and capacitated boar sperm, with the detection of ZP binding candidates. <em>Int J Biol Macromol<\/em> 61:322-328<\/p>\n<p><strong>Zigo M<\/strong>, Jon\u00e1kov\u00e1 V, Ma\u0148\u00e1skov\u00e1-Postlerov\u00e1 P (2011) Electrophoretic and zymographic characterization of proteins isolated by various extraction methods from ejaculated and capacitated boar sperms. <em>Electrophoresis<\/em> 32:1309-18.<\/p>\n<p><strong><u>Major scientific meeting abstracts<\/u><\/strong><\/p>\n<p>Zigo\u00a0M, Ma\u0148\u00e1skov\u00e1-Postlerov\u00e1 P, Jon\u00e1kov\u00e1 V, Sutovsky P: Ubiquitin-proteasome system (UPS) regulates spermadhesin release during boar sperm capacitation. Presented at 51<sup>th<\/sup> Annual Meeting of the Society for Study of Reproduction, 10-13 July, 2018 in New Orleans, LA, and 11<sup>th <\/sup>Biennial Conference of Association for Applied Animal Andrology, 14-16 July, 2018 in New Orleans, LA.<\/p>\n<p>Zigo\u00a0M, Kerns K, Sutovsky M, Sutovsky P: New insights into the involvement of ubiquitin-proteasome system in boar sperm capacitation. Presented at 50<sup>th<\/sup> Annual Meeting of the Society for Study of Reproduction, 13-16 July 2017 in Washington D.C.<\/p>\n<p>Zigo\u00a0M, Kerns K, Sutovsky M, Sutovsky P: Growing evidence of ubiquitin-proteasome system (UPS) involvement in boar sperm capacitation. Presented at 10<sup>th<\/sup> International Conference on Pig Reproduction, 11-14 June 2017 in Columbia, MO.<\/p>\n<p>Zigo\u00a0M, Kerns K, Sutovsky M, Sutovsky P: Pilot studies on the involvement of ubiquitin-proteasome system in mammalian sperm capacitation. Presented at 49<sup>th<\/sup> Annual Meeting of the Society for Study of Reproduction, 16-20 July 2016 in San Diego.<\/p>\n<p>Zigo M, Dorosh A, Pohlov\u00e1 A, Jon\u00e1kov\u00e1 V, \u0160ulc M, Ma\u0148\u00e1skov\u00e1-Postlerov\u00e1 P: Panel of monoclonal antibodies to sperm surface proteins as tool for monitoring of sperm-zona pellucida receptors localization and identification. Presented at 3<sup>rd<\/sup> World Congress on Reproductive Biology, 2-4 September 2014 in Edinburgh, Scotland.<\/p>\n<p>Zigo M, Dorosh A, Jon\u00e1kov\u00e1 V, Ma\u0148\u00e1skov\u00e1-Postlerov\u00e1 P: Sperm surface proteins: their isolation, characterization and binding study with zona pellucida. Presented at 2<sup>nd<\/sup> World Congress on Reproductive Biology, 9-12 October 2011 in Cairns, Queensland, Australia.<\/p>\n<p>Zigo M, Jon\u00e1kov\u00e1 V, Ma\u0148\u00e1skov\u00e1-Postlerov\u00e1 P: Isolation of proteins from ejaculated and capacitated sperms by various extraction approaches. Presented at 6<sup>th<\/sup> European Congress of Andrology, 29 September &#8211; 1 October 2010 in Athens, Greece. Contribution was published in Int. J. Androl. 33 (2010), suppl. 1, 68-68.<\/p>\n<p>Zigo M, Jon\u00e1kov\u00e1 V, Ma\u0148\u00e1skov\u00e1-Postlerov\u00e1 P: Isolation and characterization of the sperm surface proteins and their binding studies with zona pellucida glycoproteins. Presented at 3rd Central and Eastern European Proteomics Conference, 6-9 October 2009 in Budapest, Hungary.<\/p>\n","protected":false},"excerpt":{"rendered":"<p>Assistant Research Professor &nbsp; Education &amp; Positions Held B.S. in Biochemistry 06\/2007; Charles University in Prague, Czech Republic Graduate student\/Lab assistant 2008-2014; Institute of Biotechnology CAS, v.v.i. in Vestec, Czech Republic \u00a0M.S. in Biochemistry 06\/2009; Charles University in Prague, Czech Republic \u00a0B.B.A. in Business Administration and Management 06\/2012; University of Economics in Prague, Czech Republic [&hellip;]<\/p>\n","protected":false},"author":23,"featured_media":92,"parent":0,"menu_order":0,"comment_status":"closed","ping_status":"closed","template":"","meta":{"footnotes":""},"class_list":["post-91","page","type-page","status-publish","has-post-thumbnail","hentry"],"_links":{"self":[{"href":"https:\/\/cafnrfaculty.missouri.edu\/sutovskylab\/wp-json\/wp\/v2\/pages\/91","targetHints":{"allow":["GET"]}}],"collection":[{"href":"https:\/\/cafnrfaculty.missouri.edu\/sutovskylab\/wp-json\/wp\/v2\/pages"}],"about":[{"href":"https:\/\/cafnrfaculty.missouri.edu\/sutovskylab\/wp-json\/wp\/v2\/types\/page"}],"author":[{"embeddable":true,"href":"https:\/\/cafnrfaculty.missouri.edu\/sutovskylab\/wp-json\/wp\/v2\/users\/23"}],"replies":[{"embeddable":true,"href":"https:\/\/cafnrfaculty.missouri.edu\/sutovskylab\/wp-json\/wp\/v2\/comments?post=91"}],"version-history":[{"count":12,"href":"https:\/\/cafnrfaculty.missouri.edu\/sutovskylab\/wp-json\/wp\/v2\/pages\/91\/revisions"}],"predecessor-version":[{"id":557,"href":"https:\/\/cafnrfaculty.missouri.edu\/sutovskylab\/wp-json\/wp\/v2\/pages\/91\/revisions\/557"}],"wp:featuredmedia":[{"embeddable":true,"href":"https:\/\/cafnrfaculty.missouri.edu\/sutovskylab\/wp-json\/wp\/v2\/media\/92"}],"wp:attachment":[{"href":"https:\/\/cafnrfaculty.missouri.edu\/sutovskylab\/wp-json\/wp\/v2\/media?parent=91"}],"curies":[{"name":"wp","href":"https:\/\/api.w.org\/{rel}","templated":true}]}}